{"id":17,"date":"2019-06-11T09:53:36","date_gmt":"2019-06-11T09:53:36","guid":{"rendered":"https:\/\/themes.getmotopress.com\/luviana\/?page_id=17"},"modified":"2024-01-30T09:58:32","modified_gmt":"2024-01-30T09:58:32","slug":"cinque-terre-riomaggiore-apartments-with-sea-view-and-parking","status":"publish","type":"page","link":"https:\/\/test.estateriomaggiore.com\/es\/cinque-terre-accommodation-riomaggiore-apartments-sea-view-parking\/cinque-terre-riomaggiore-apartments-with-sea-view-and-parking\/","title":{"rendered":"Alojamiento en Riomaggiore Cinque Terre con aparcamiento privado y vistas al mar."},"content":{"rendered":"<p><\/p>\n\n\n\n<!--more-->\n\n\n\n<h2 class=\"wp-block-heading is-style-default has-25-px-font-size translation-block\" id=\"h-the-village-dating-from-the-early-thirteenth-century-is-known-for-its-historic-character-and-its-nbsp-wine-produced-by-the-town-s-nbsp-vineyards\"><a href=\"https:\/\/www.visitcinqueterre.eu\/\" target=\"_self\">El pueblo<\/a>, que data de principios del siglo XIII, es conocido por su car\u00e1cter hist\u00f3rico y su vino, producido por los <a href=\"https:\/\/www.winedering.com\/wineries-riomaggiore_g6537072\" target=\"_self\">vi\u00f1edos<\/a>.<\/h2>\n\n\n\n<p class=\"has-text-align-center has-small-font-size\"><\/p>\n\n\n\n<div class=\"wp-block-buttons is-layout-flex wp-block-buttons-is-layout-flex\"><\/div>\n\n\n\n<div class=\"wp-block-getwid-section alignfull alignfull has-inner-blocks-gap-none\"><div class=\"wp-block-getwid-section__wrapper getwid-padding-bottom-none getwid-padding-right-medium getwid-padding-mobile-left-small getwid-padding-mobile-right-small\" style=\"padding-top:85.9896px;padding-left:53.0208px\"><div class=\"wp-block-getwid-section__inner-wrapper\"><div class=\"wp-block-getwid-section__background-holder\"><div class=\"wp-block-getwid-section__background\"><\/div><div class=\"wp-block-getwid-section__foreground\"><\/div><\/div><div class=\"wp-block-getwid-section__content\"><div class=\"wp-block-getwid-section__inner-content\">\n<div class=\"wp-block-getwid-image-box has-image-left has-text-left has-mobile-layout-column has-mobile-alignment-default\"><div style=\"margin-right:90px\" class=\"wp-block-getwid-image-box__image-container is-position-top\"><div class=\"wp-block-getwid-image-box__image-wrapper\"><img loading=\"lazy\" decoding=\"async\" width=\"1280\" height=\"721\" src=\"https:\/\/estateriomaggiore.com\/wp-content\/uploads\/2021\/02\/anchovy.jpg\" alt=\"anchovy\" class=\"wp-block-getwid-image-box__image wp-image-8825\" srcset=\"https:\/\/test.estateriomaggiore.com\/wp-content\/uploads\/2021\/02\/anchovy.jpg 1280w, https:\/\/test.estateriomaggiore.com\/wp-content\/uploads\/2021\/02\/anchovy-300x169.jpg 300w, https:\/\/test.estateriomaggiore.com\/wp-content\/uploads\/2021\/02\/anchovy-1024x577.jpg 1024w, https:\/\/test.estateriomaggiore.com\/wp-content\/uploads\/2021\/02\/anchovy-768x433.jpg 768w, https:\/\/test.estateriomaggiore.com\/wp-content\/uploads\/2021\/02\/anchovy-1170x659.jpg 1170w\" sizes=\"(max-width: 1280px) 100vw, 1280px\" \/><\/div><\/div><div class=\"wp-block-getwid-image-box__content\">\n<div class=\"wp-block-getwid-advanced-heading is-style-style-1 has-custom-font-size\" style=\"font-size:18px;margin-bottom:30px\"><h2 class=\"wp-block-getwid-advanced-heading__content translation-block\" style=\"font-family:&quot;Open Sans&quot;;font-weight:300;line-height:26px\">Visitar las <a href=\"https:\/\/estateriomaggiore.com\/es\/\" target=\"_self\">Cinque Terre<\/a> no es s\u00f3lo un placer para la vista sino tambi\u00e9n para el paladar. Si has estado en Liguria o has le\u00eddo sobre la cocina regional, seguramente conoces la ic\u00f3nica salsa pesto y el pan plano focaccia.<br><br>Aunque no debes perder la oportunidad de comerlos cuando est\u00e9s en Monterosso, Vernazza, Corniglia, Manarola y <a href=\"https:\/\/estateriomaggiore.com\/es\/\" target=\"_self\">Riomaggiore<\/a>, pesto y focaccia son especialidades t\u00edpicas de G\u00e9nova. \u00bfQu\u00e9 se puede comer en Cinque Terre que sea genuinamente local? Aqu\u00ed tienes una lista de comidas y bebidas t\u00edpicas que puedes probar durante tu pr\u00f3xima escapada gastron\u00f3mica en la Riviera italiana.<\/h2><\/div>\n\n\n\n<h2 class=\"wp-block-heading\" id=\"h-\"><\/h2>\n\n\n\n<div style=\"height:46px\" aria-hidden=\"true\" class=\"wp-block-spacer\"><\/div>\n\n\n\n<div style=\"height:20px\" aria-hidden=\"true\" class=\"wp-block-spacer\"><\/div>\n\n\n\n\n\n<p><\/p>\n<\/div><\/div>\n\n\n\n<div class=\"wp-block-getwid-image-box has-image-right has-text-left has-mobile-layout-column has-mobile-alignment-default\"><div style=\"margin-left:90px\" class=\"wp-block-getwid-image-box__image-container is-position-top\"><div class=\"wp-block-getwid-image-box__image-wrapper\"><img loading=\"lazy\" decoding=\"async\" width=\"1280\" height=\"853\" src=\"https:\/\/estateriomaggiore.com\/wp-content\/uploads\/2021\/02\/lemon.jpg\" alt=\"\" class=\"wp-block-getwid-image-box__image wp-image-8826\" srcset=\"https:\/\/test.estateriomaggiore.com\/wp-content\/uploads\/2021\/02\/lemon.jpg 1280w, https:\/\/test.estateriomaggiore.com\/wp-content\/uploads\/2021\/02\/lemon-300x200.jpg 300w, https:\/\/test.estateriomaggiore.com\/wp-content\/uploads\/2021\/02\/lemon-1024x682.jpg 1024w, https:\/\/test.estateriomaggiore.com\/wp-content\/uploads\/2021\/02\/lemon-768x512.jpg 768w, https:\/\/test.estateriomaggiore.com\/wp-content\/uploads\/2021\/02\/lemon-1170x780.jpg 1170w\" sizes=\"(max-width: 1280px) 100vw, 1280px\" \/><\/div><\/div><div class=\"wp-block-getwid-image-box__content\">\n<div class=\"wp-block-getwid-advanced-heading is-style-style-1 has-custom-font-size\" style=\"font-size:18px;margin-bottom:30px\"><h2 class=\"wp-block-getwid-advanced-heading__content translation-block\" style=\"font-family:&quot;Open Sans&quot;;font-weight:300;line-height:26px\">Las Cinque Terre, y en particular la zona alrededor de Monterosso, albergan numerosas hect\u00e1reas de fragantes limoneros. No dejes de probar el licor <em>limoncino<\/em> local, elaborado con c\u00e1scaras de limones de Cinque Terre. Este c\u00edtrico tambi\u00e9n se utiliza para preparar deliciosas mermeladas y sorbetes caseros.<\/h2><\/div>\n\n\n\n<div style=\"height:20px\" aria-hidden=\"true\" class=\"wp-block-spacer\"><\/div>\n\n\n<\/div><\/div>\n\n\n\n<div style=\"height:41px\" aria-hidden=\"true\" class=\"wp-block-spacer\"><\/div>\n\n\n\n<div style=\"height:27px\" aria-hidden=\"true\" class=\"wp-block-spacer\"><\/div>\n\n\n\n<div class=\"wp-block-getwid-image-box has-image-left has-text-left has-mobile-layout-column has-mobile-alignment-default\"><div style=\"margin-right:90px\" class=\"wp-block-getwid-image-box__image-container is-position-top\"><div class=\"wp-block-getwid-image-box__image-wrapper\"><img loading=\"lazy\" decoding=\"async\" width=\"1280\" height=\"853\" src=\"https:\/\/estateriomaggiore.com\/wp-content\/uploads\/2021\/02\/wein.jpg\" alt=\"wein-cinqueterre\" class=\"wp-block-getwid-image-box__image wp-image-8828\" srcset=\"https:\/\/test.estateriomaggiore.com\/wp-content\/uploads\/2021\/02\/wein.jpg 1280w, https:\/\/test.estateriomaggiore.com\/wp-content\/uploads\/2021\/02\/wein-300x200.jpg 300w, https:\/\/test.estateriomaggiore.com\/wp-content\/uploads\/2021\/02\/wein-1024x682.jpg 1024w, https:\/\/test.estateriomaggiore.com\/wp-content\/uploads\/2021\/02\/wein-768x512.jpg 768w, https:\/\/test.estateriomaggiore.com\/wp-content\/uploads\/2021\/02\/wein-1170x780.jpg 1170w\" sizes=\"(max-width: 1280px) 100vw, 1280px\" \/><\/div><\/div><div class=\"wp-block-getwid-image-box__content\">\n<div class=\"wp-block-getwid-advanced-heading is-style-style-1 has-custom-font-size\" style=\"font-size:18px;margin-bottom:30px\"><h2 class=\"wp-block-getwid-advanced-heading__content translation-block\" style=\"font-family:&quot;Open Sans&quot;;font-weight:300\">El vino m\u00e1s singular y prestigioso se llama Sciachetr\u00e0: elaborado con uvas pasas cultivadas en los vi\u00f1edos de Cinque Terre, es un vino dulce, algo as\u00ed como un licor. \u00a1Combina muy bien con postres!<br>Tiene la D.O.C. (<em>Denominazione di origine controllata<\/em>), al igual que el otro famoso vino local, conocido simplemente como Cinque Terre. Adem\u00e1s de disfrutar del vino durante el almuerzo o la cena,<\/h2><\/div>\n\n\n\n<div class=\"wp-block-getwid-advanced-heading is-style-default has-custom-font-size\" style=\"font-size:20px\"><span class=\"wp-block-getwid-advanced-heading__content\" style=\"font-family:&quot;Open Sans Condensed&quot;;font-weight:normal;line-height:27px\">podr\u00e1 conocer la antigua tradici\u00f3n de la viticultura heroica con una visita a los vi\u00f1edos y una cata de vinos guiada.<\/span><\/div>\n\n\n\n<div style=\"height:20px\" aria-hidden=\"true\" class=\"wp-block-spacer\"><\/div>\n\n\n<\/div><\/div>\n<\/div><\/div><\/div><\/div><\/div>\n\n\n\n<h2 class=\"wp-block-heading\" id=\"h-\"><\/h2>\n\n\n\n<div class=\"wp-block-buttons is-layout-flex wp-block-buttons-is-layout-flex\"><\/div>\n\n\n\n<h2 class=\"wp-block-heading\" id=\"h-\"><\/h2>","protected":false},"excerpt":{"rendered":"","protected":false},"author":1,"featured_media":8646,"parent":11,"menu_order":0,"comment_status":"closed","ping_status":"closed","template":"","meta":{"inline_featured_image":false,"footnotes":""},"class_list":["post-17","page","type-page","status-publish","has-post-thumbnail","hentry"],"_links":{"self":[{"href":"https:\/\/test.estateriomaggiore.com\/es\/wp-json\/wp\/v2\/pages\/17"}],"collection":[{"href":"https:\/\/test.estateriomaggiore.com\/es\/wp-json\/wp\/v2\/pages"}],"about":[{"href":"https:\/\/test.estateriomaggiore.com\/es\/wp-json\/wp\/v2\/types\/page"}],"author":[{"embeddable":true,"href":"https:\/\/test.estateriomaggiore.com\/es\/wp-json\/wp\/v2\/users\/1"}],"replies":[{"embeddable":true,"href":"https:\/\/test.estateriomaggiore.com\/es\/wp-json\/wp\/v2\/comments?post=17"}],"version-history":[{"count":109,"href":"https:\/\/test.estateriomaggiore.com\/es\/wp-json\/wp\/v2\/pages\/17\/revisions"}],"predecessor-version":[{"id":16670,"href":"https:\/\/test.estateriomaggiore.com\/es\/wp-json\/wp\/v2\/pages\/17\/revisions\/16670"}],"up":[{"embeddable":true,"href":"https:\/\/test.estateriomaggiore.com\/es\/wp-json\/wp\/v2\/pages\/11"}],"wp:featuredmedia":[{"embeddable":true,"href":"https:\/\/test.estateriomaggiore.com\/es\/wp-json\/wp\/v2\/media\/8646"}],"wp:attachment":[{"href":"https:\/\/test.estateriomaggiore.com\/es\/wp-json\/wp\/v2\/media?parent=17"}],"curies":[{"name":"wp","href":"https:\/\/api.w.org\/{rel}","templated":true}]}}