{"id":228,"date":"2019-06-12T07:44:45","date_gmt":"2019-06-12T07:44:45","guid":{"rendered":"https:\/\/themes.getmotopress.com\/luviana\/?page_id=228"},"modified":"2024-01-25T11:17:39","modified_gmt":"2024-01-25T11:17:39","slug":"our_services","status":"publish","type":"page","link":"https:\/\/test.estateriomaggiore.com\/es\/our_services\/","title":{"rendered":"Service"},"content":{"rendered":"<h2 class=\"wp-block-heading has-text-align-left\" id=\"h-best-service-apartments-in-the-best-location-in-riomaggiore-cinque-terre-privet-parking-privet-terrace-brand-new-air-conditioning-netflix\">Best service <a href=\"https:\/\/estateriomaggiore.com\/en\/apartments\/\">Los apartamentos<\/a> in the best location in <a href=\"https:\/\/www.cinqueterre.eu.com\/en\/riomaggiore\" target=\"_blank\" rel=\"noreferrer noopener\">Riomaggiore Cinque Terre<\/a>, privet parking, privet terrace, brand new air-conditioning, Netflix&#8230;<\/h2>\n\n\n\n<p><a href=\"https:\/\/estateriomaggiore.com\/\">Estate Riomaggiore<\/a> stands out as the ideal choice for families seeking the perfect blend of charm, tranquility, and an unbeatable location to explore the surroundings. Our holiday apartments, strategically positioned just 300 meters from the city center, offer the best of both worlds \u2013 proximity and serenity.<\/p>\n\n\n\n<p>Nestled in the Liguria region, <a href=\"https:\/\/en.wikipedia.org\/wiki\/Riomaggiore\" target=\"_blank\" rel=\"noreferrer noopener\">Riomaggiore<\/a> sets the stage for a distinctive experience. Discover accommodations like <a href=\"https:\/\/estateriomaggiore.com\/en\/accommodation\/mythos\/\">Mythos<\/a>, providing access to a hot tub, adding an extra layer of luxury to your stay.<\/p>\n\n\n\n<p>Committed to your well-being, we&#8217;ve implemented additional health and hygiene measures, making your safety our utmost priority. Experience the best in holiday apartments with Estate Riomaggiore, ensuring your stay in the best location of Riomaggiore, Cinque Terre, is nothing short of extraordinary.<\/p>\n\n\n\n<div class=\"wp-block-getwid-advanced-spacer\" style=\"height:20px\" aria-hidden=\"true\"><\/div>\n\n\n\n<div class=\"wp-block-getwid-section alignfull alignfull getwid-margin-top-none getwid-margin-bottom-none\"><div class=\"wp-block-getwid-section__wrapper getwid-padding-top-medium getwid-padding-bottom-normal getwid-padding-left-medium getwid-padding-right-medium getwid-padding-mobile-left-small getwid-padding-mobile-right-small\"><div class=\"wp-block-getwid-section__inner-wrapper\"><div class=\"wp-block-getwid-section__background-holder\"><div class=\"wp-block-getwid-section__background has-background has-light-grey-background-color\"><\/div><div class=\"wp-block-getwid-section__foreground\"><\/div><\/div><div class=\"wp-block-getwid-section__content\"><div class=\"wp-block-getwid-section__inner-content\">\n<div class=\"wp-block-columns has-2-columns is-layout-flex wp-container-core-columns-is-layout-1 wp-block-columns-is-layout-flex\">\n<div class=\"wp-block-column is-layout-flow wp-block-column-is-layout-flow\">\n<div class=\"wp-block-getwid-advanced-heading is-style-style-1 has-custom-font-size\" style=\"font-size:14px;margin-bottom:0px\"><p class=\"wp-block-getwid-advanced-heading__content\" style=\"font-family:&quot;Open Sans&quot;;font-weight:normal;letter-spacing:0.1em\">For the excellence of our services, Highly rated by recent guests in <a href=\"https:\/\/www.booking.com\/searchresults.en-gb.html?aid=2210273&amp;label=G7HaLO_IUjWLmmlrajUMtJWUBA7YvSjj-4cnkcgG7LG0EqtVxtXax8w%3D%3D&amp;no_rooms=1&amp;lang=en-gb&amp;lang_changed=1&amp;srpvid=fea24ad2c05501af&amp;highlighted_hotels=1421335&amp;checkin=2024-02-10&amp;redirected=1&amp;city=-126402&amp;hlrd=with_dates&amp;group_adults=2&amp;source=hotel&amp;group_children=0&amp;checkout=2024-02-12&amp;keep_landing=1&amp;sid=51d3191bb5242b87c2c09e738af712b9#hotelTmpl\" target=\"_blank\" rel=\"noreferrer noopener\">Booking.com<\/a> (9.0) <\/p><\/div>\n\n\n\n<div class=\"wp-block-getwid-advanced-heading is-style-default\" style=\"margin-top:10px\"><h2 class=\"wp-block-getwid-advanced-heading__content\">Todo nuestro <a href=\"https:\/\/estateriomaggiore.com\/apartments\/?lang=en\">Los apartamentos<\/a> ofrecemos los siguientes servicios <\/h2><\/div>\n<\/div>\n<\/div>\n\n\n\n<div class=\"wp-block-columns is-layout-flex wp-container-core-columns-is-layout-2 wp-block-columns-is-layout-flex\">\n<div class=\"wp-block-column is-layout-flow wp-block-column-is-layout-flow\">\n<ul class=\"wp-block-list\">\n<li>ropa de cama incluida<\/li>\n\n\n\n<li>air conditioning\/heating<\/li>\n\n\n\n<li>calefacci\u00f3n aut\u00f3noma<\/li>\n\n\n\n<li>wi-fi<\/li>\n\n\n\n<li>satellite TV, Netflix<\/li>\n\n\n\n<li>cocina equipada con todas las comodidades<\/li>\n\n\n\n<li>hydro-massage shower in the <a href=\"https:\/\/estateriomaggiore.com\/accommodation\/anthea\/\">Anthea<\/a> and <a href=\"https:\/\/estateriomaggiore.com\/accommodation\/theros\">Theros<\/a> Los apartamentos<\/li>\n\n\n\n<li>bathrooms with shower\/tub hydro-massage in the <a href=\"https:\/\/estateriomaggiore.com\/accommodation\/mythos\/\">Mythos<\/a> attic<\/li>\n\n\n\n<li>sala de lavander\u00eda con lavadora y plancha<\/li>\n\n\n\n<li>limpieza inicial del apartamento con ropa de cama limpia<\/li>\n\n\n\n<li>terrazas con tumbonas<\/li>\n\n\n\n<li>muebles de lujo<\/li>\n\n\n\n<li>servicio de custodia de equipaje el d\u00eda de la salida, en una habitaci\u00f3n<\/li>\n\n\n\n<li>las mascotas son bienvenidas<\/li>\n\n\n\n<li>cama supletoria gratuita para ni\u00f1os de hasta tres a\u00f1os<\/li>\n<\/ul>\n<\/div>\n<\/div>\n\n\n\n<figure class=\"wp-block-gallery has-nested-images columns-default is-cropped wp-block-gallery-1 is-layout-flex wp-block-gallery-is-layout-flex\">\n<figure class=\"wp-block-image size-large\"><img loading=\"lazy\" decoding=\"async\" width=\"1024\" height=\"768\" src=\"https:\/\/estateriomaggiore.com\/wp-content\/uploads\/2019\/06\/estate-1024x768.jpg\" alt=\"Riomaggiore;Holiday Rental;Cinque Terre;Hotel; Apartment;Home\" class=\"wp-image-9956\" srcset=\"https:\/\/test.estateriomaggiore.com\/wp-content\/uploads\/2019\/06\/estate-1024x768.jpg 1024w, https:\/\/test.estateriomaggiore.com\/wp-content\/uploads\/2019\/06\/estate-300x225.jpg 300w, https:\/\/test.estateriomaggiore.com\/wp-content\/uploads\/2019\/06\/estate-768x576.jpg 768w, https:\/\/test.estateriomaggiore.com\/wp-content\/uploads\/2019\/06\/estate-16x12.jpg 16w, https:\/\/test.estateriomaggiore.com\/wp-content\/uploads\/2019\/06\/estate-1170x878.jpg 1170w, https:\/\/test.estateriomaggiore.com\/wp-content\/uploads\/2019\/06\/estate.jpg 1400w\" sizes=\"(max-width: 1024px) 100vw, 1024px\" \/><\/figure>\n<\/figure>\n\n\n\n<div class=\"wp-block-columns is-layout-flex wp-container-core-columns-is-layout-3 wp-block-columns-is-layout-flex\">\n<div class=\"wp-block-column is-layout-flow wp-block-column-is-layout-flow\"><\/div>\n\n\n\n<div class=\"wp-block-column is-layout-flow wp-block-column-is-layout-flow\"><\/div>\n\n\n\n<div class=\"wp-block-column is-layout-flow wp-block-column-is-layout-flow\"><\/div>\n<\/div>\n\n\n\n<div class=\"wp-block-columns is-layout-flex wp-container-core-columns-is-layout-4 wp-block-columns-is-layout-flex\">\n<div class=\"wp-block-column is-layout-flow wp-block-column-is-layout-flow\">\n<h3 class=\"wp-block-heading\" id=\"h-cancellation-prepayment\"><br>Anulaci\u00f3n \/ pago anticipado<\/h3>\n\n\n\n<p>Es posible cancelar la reserva. Si la cancelaci\u00f3n es 30 d\u00edas antes de la llegada, <a href=\"https:\/\/estateriomaggiore.com\">Estate Riomaggiore<\/a> will refund 100% of the amount paid or if the cancellation is 14 days before arrival, Estate Riomaggiore will refund 70% of the amount paid. In case of cancellations beyond these terms, the deposit will be retained totally. In case of a no-show without cancellation, Estate Riomaggiore will be free from any commitment and make the accommodation available for a new reservation.<\/p>\n\n\n\n<p>Por favor <a href=\"https:\/\/estateriomaggiore.com\/contact-us\/\">contact us<\/a> para obtener m\u00e1s informaci\u00f3n al respecto.<\/p>\n<\/div>\n\n\n\n<div class=\"wp-block-column is-layout-flow wp-block-column-is-layout-flow\">\n<h3 class=\"wp-block-heading\" id=\"h-refundable-damage-deposit\"><br>Dep\u00f3sito de da\u00f1os reembolsable<\/h3>\n\n\n\n<p>Se requiere un dep\u00f3sito por da\u00f1os de EUR 200 a la llegada. Esto se cobrar\u00e1 como un pago en efectivo. Se le debe reembolsar a la salida. Su dep\u00f3sito ser\u00e1 reembolsado en su totalidad en efectivo, sujeto a una inspecci\u00f3n de la propiedad.<\/p>\n<\/div>\n<\/div>\n\n\n\n<div style=\"height:61px\" aria-hidden=\"true\" class=\"wp-block-spacer\"><\/div>\n\n\n\n<hr class=\"wp-block-separator has-text-color has-grey-color has-css-opacity has-grey-background-color has-background is-style-wide\"\/>\n\n\n\n<div style=\"height:60px\" aria-hidden=\"true\" class=\"wp-block-spacer\"><\/div>\n\n\n\n<div class=\"wp-block-columns is-layout-flex wp-container-core-columns-is-layout-5 wp-block-columns-is-layout-flex\">\n<div class=\"wp-block-column is-layout-flow wp-block-column-is-layout-flow\">\n<h3 class=\"wp-block-heading\" id=\"h-children-and-beds\">Los ni\u00f1os y las camas<\/h3>\n\n\n\n<p>En detalle, los ni\u00f1os de cualquier edad son bienvenidos, mayores de 7 a\u00f1os, pertenecen a las categor\u00edas de adultos (en esta propiedad).<br>Para ver los precios correctos y la informaci\u00f3n de ocupaci\u00f3n, agregue la cantidad de ni\u00f1os en su grupo y sus edades a su b\u00fasqueda.<br><\/p>\n\n\n\n<p>Los suplementos no se calculan autom\u00e1ticamente en los costes totales y deber\u00e1n pagarse por separado durante la estancia.<\/p>\n\n\n\n<p>El n\u00famero m\u00e1ximo de camas supletorias y cunas permitidas depende de la habitaci\u00f3n elegida. Compruebe la capacidad m\u00e1xima de la habitaci\u00f3n seleccionada.<\/p>\n\n\n\n<p>Todas las cunas y camas supletorias est\u00e1n sujetas a disponibilidad.<\/p>\n\n\n\n<p>Somos amantes de las mascotas y son bienvenidas en nuestro alojamiento.<\/p>\n\n\n\n<div style=\"height:6px\" aria-hidden=\"true\" class=\"wp-block-spacer\"><\/div>\n<\/div>\n\n\n\n<div class=\"wp-block-column is-layout-flow wp-block-column-is-layout-flow\">\n<h3 class=\"wp-block-heading\" id=\"h-smoking-ban\">Prohibici\u00f3n de fumar<\/h3>\n\n\n\n<p>La prohibici\u00f3n de fumar en espacios cerrados en el edificio Estate Riomaggiore.<\/p>\n\n\n\n<p>Please be aware, that all apartments and parking at the&nbsp;Estate Riomaggiore are non-smoking.<br>The owner respectfully requests that our guests do not smoke in the rooms and instead&nbsp;use the dedicated outdoor smoking area.&nbsp; &nbsp; <\/p>\n<\/div>\n<\/div>\n\n\n\n<figure class=\"wp-block-pullquote\"><blockquote><p>El aeropuerto m\u00e1s cercano es el aeropuerto internacional de Pisa, a 69 km del apartamento. A las parejas les gusta especialmente la ubicaci\u00f3n: la calificaron&nbsp;<strong>9.2<\/strong>&nbsp;para un viaje de dos personas.<br>Ihablamos tu idioma!<\/p><cite class=\" translation-block\">Estate Riomaggiore ha acogido a hu\u00e9spedes de Booking.com\ndesde el 25 Jun 2015.<\/cite><\/blockquote><\/figure>\n\n\n\n<div style=\"height:37px\" aria-hidden=\"true\" class=\"wp-block-spacer\"><\/div>\n\n\n\n<p class=\"has-medium-font-size\"><\/p>\n\n\n\n<div class=\"wp-block-columns is-layout-flex wp-container-core-columns-is-layout-6 wp-block-columns-is-layout-flex\">\n<div class=\"wp-block-column is-layout-flow wp-block-column-is-layout-flow\">\n<h2 class=\"wp-block-heading\" id=\"h-extra-services\">Servicios adicionales<\/h2>\n\n\n\n<div style=\"height:34px\" aria-hidden=\"true\" class=\"wp-block-spacer\"><\/div>\n<\/div>\n<\/div>\n\n\n\n<div class=\"wp-block-columns is-layout-flex wp-container-core-columns-is-layout-7 wp-block-columns-is-layout-flex\">\n<div class=\"wp-block-column is-layout-flow wp-block-column-is-layout-flow\">\n<h3 class=\"wp-block-heading\" id=\"h-linen\">Lino<\/h3>\n\n\n\n<figure class=\"wp-block-image size-large is-style-default\"><img loading=\"lazy\" decoding=\"async\" width=\"1024\" height=\"666\" src=\"https:\/\/estateriomaggiore.com\/wp-content\/uploads\/2021\/01\/linen-1024x666.jpg\" alt=\"\" class=\"wp-image-8710\" srcset=\"https:\/\/test.estateriomaggiore.com\/wp-content\/uploads\/2021\/01\/linen-1024x666.jpg 1024w, https:\/\/test.estateriomaggiore.com\/wp-content\/uploads\/2021\/01\/linen-300x195.jpg 300w, https:\/\/test.estateriomaggiore.com\/wp-content\/uploads\/2021\/01\/linen-768x500.jpg 768w, https:\/\/test.estateriomaggiore.com\/wp-content\/uploads\/2021\/01\/linen-1170x761.jpg 1170w, https:\/\/test.estateriomaggiore.com\/wp-content\/uploads\/2021\/01\/linen-140x90.jpg 140w, https:\/\/test.estateriomaggiore.com\/wp-content\/uploads\/2021\/01\/linen.jpg 1200w\" sizes=\"(max-width: 1024px) 100vw, 1024px\" \/><\/figure>\n\n\n\n<p>Cambio extra de ropa de cama,<\/p>\n\n\n\n<p>Para obtener el servicio de cambio de s\u00e1banas extra, puede solicitarlo directamente al personal en el momento del check-in o en cualquier otro momento durante su estad\u00eda, pero, para asegurarse de que Estate Riomaggiore est\u00e1 disponible para realizar este servicio, inf\u00f3rmenos con anticipaci\u00f3n. Por correo electr\u00f3nico.<\/p>\n\n\n\n<p>15,00 euros (por reserva)<\/p>\n<\/div>\n\n\n\n<div class=\"wp-block-column is-layout-flow wp-block-column-is-layout-flow\">\n<h3 class=\"wp-block-heading\" id=\"h-parking-space\">Plaza de aparcamiento<\/h3>\n\n\n\n<figure class=\"wp-block-image size-large parking\"><img loading=\"lazy\" decoding=\"async\" width=\"1024\" height=\"666\" src=\"https:\/\/estateriomaggiore.com\/wp-content\/uploads\/2021\/02\/parking-1024x666.jpg\" alt=\"\" class=\"wp-image-8712\" srcset=\"https:\/\/test.estateriomaggiore.com\/wp-content\/uploads\/2021\/02\/parking-1024x666.jpg 1024w, https:\/\/test.estateriomaggiore.com\/wp-content\/uploads\/2021\/02\/parking-300x195.jpg 300w, https:\/\/test.estateriomaggiore.com\/wp-content\/uploads\/2021\/02\/parking-768x500.jpg 768w, https:\/\/test.estateriomaggiore.com\/wp-content\/uploads\/2021\/02\/parking-1170x761.jpg 1170w, https:\/\/test.estateriomaggiore.com\/wp-content\/uploads\/2021\/02\/parking-140x90.jpg 140w, https:\/\/test.estateriomaggiore.com\/wp-content\/uploads\/2021\/02\/parking.jpg 1200w\" sizes=\"(max-width: 1024px) 100vw, 1024px\" \/><\/figure>\n\n\n\n<p>Covered parking in the same building,<br><br>Para obtener un estacionamiento puede preguntar al personal antes del check-in, para asegurarse de que <a href=\"https:\/\/estateriomaggiore.com\">Estate Riomaggiore<\/a> est\u00e1 disponible para realizar este servicio, por favor h\u00e1ganoslo saber con antelaci\u00f3n por correo electr\u00f3nico.<br>20,00 euros (por d\u00eda)<\/p>\n<\/div>\n\n\n\n<div class=\"wp-block-column is-layout-flow wp-block-column-is-layout-flow\">\n<h3 class=\"wp-block-heading\" id=\"h-cleaning-of-apartment\">Limpieza del apartamento<\/h3>\n\n\n\n<figure class=\"wp-block-image size-large is-style-default\"><img loading=\"lazy\" decoding=\"async\" width=\"1024\" height=\"666\" src=\"https:\/\/estateriomaggiore.com\/wp-content\/uploads\/2021\/02\/clean-1024x666.jpg\" alt=\"\" class=\"wp-image-8716\" srcset=\"https:\/\/test.estateriomaggiore.com\/wp-content\/uploads\/2021\/02\/clean-1024x666.jpg 1024w, https:\/\/test.estateriomaggiore.com\/wp-content\/uploads\/2021\/02\/clean-300x195.jpg 300w, https:\/\/test.estateriomaggiore.com\/wp-content\/uploads\/2021\/02\/clean-768x500.jpg 768w, https:\/\/test.estateriomaggiore.com\/wp-content\/uploads\/2021\/02\/clean-1170x761.jpg 1170w, https:\/\/test.estateriomaggiore.com\/wp-content\/uploads\/2021\/02\/clean-140x90.jpg 140w, https:\/\/test.estateriomaggiore.com\/wp-content\/uploads\/2021\/02\/clean.jpg 1200w\" sizes=\"(max-width: 1024px) 100vw, 1024px\" \/><\/figure>\n\n\n\n<p>Extra cleaning of the apartment,<\/p>\n\n\n\n<p>Para obtener el Servicio de Limpieza Extra, puede solicitarlo directamente al personal durante el check-in o en cualquier otro momento durante su estad\u00eda, pero, para estar seguro, eso <a href=\"https:\/\/estateriomaggiore.com\">Estate Riomaggiore<\/a> est\u00e1 disponible para realizar este servicio, por favor h\u00e1ganoslo saber con antelaci\u00f3n por correo electr\u00f3nico.<\/p>\n\n\n\n<p>50,00 euros (por reserva)<\/p>\n<\/div>\n<\/div>\n<\/div><\/div><\/div><\/div><\/div>\n\n\n\n<p><\/p>","protected":false},"excerpt":{"rendered":"<p>Best service apartments in the best location in Riomaggiore Cinque Terre, privet parking, privet terrace, brand new air-conditioning, Netflix&#8230; Estate Riomaggiore stands out as the ideal choice for families seeking the perfect blend of charm, tranquility, and an unbeatable location to explore the surroundings. Our holiday apartments, strategically positioned just 300 meters from the city [&hellip;]<\/p>","protected":false},"author":1,"featured_media":0,"parent":0,"menu_order":0,"comment_status":"closed","ping_status":"closed","template":"","meta":{"inline_featured_image":false,"footnotes":""},"class_list":["post-228","page","type-page","status-publish","hentry"],"_links":{"self":[{"href":"https:\/\/test.estateriomaggiore.com\/es\/wp-json\/wp\/v2\/pages\/228"}],"collection":[{"href":"https:\/\/test.estateriomaggiore.com\/es\/wp-json\/wp\/v2\/pages"}],"about":[{"href":"https:\/\/test.estateriomaggiore.com\/es\/wp-json\/wp\/v2\/types\/page"}],"author":[{"embeddable":true,"href":"https:\/\/test.estateriomaggiore.com\/es\/wp-json\/wp\/v2\/users\/1"}],"replies":[{"embeddable":true,"href":"https:\/\/test.estateriomaggiore.com\/es\/wp-json\/wp\/v2\/comments?post=228"}],"version-history":[{"count":133,"href":"https:\/\/test.estateriomaggiore.com\/es\/wp-json\/wp\/v2\/pages\/228\/revisions"}],"predecessor-version":[{"id":16666,"href":"https:\/\/test.estateriomaggiore.com\/es\/wp-json\/wp\/v2\/pages\/228\/revisions\/16666"}],"wp:attachment":[{"href":"https:\/\/test.estateriomaggiore.com\/es\/wp-json\/wp\/v2\/media?parent=228"}],"curies":[{"name":"wp","href":"https:\/\/api.w.org\/{rel}","templated":true}]}}