{"id":317,"date":"2019-06-12T11:59:52","date_gmt":"2019-06-12T11:59:52","guid":{"rendered":"https:\/\/themes.getmotopress.com\/luviana\/?page_id=317"},"modified":"2021-02-28T11:14:08","modified_gmt":"2021-02-28T11:14:08","slug":"terms-conditions","status":"publish","type":"page","link":"https:\/\/test.estateriomaggiore.com\/es\/terms-conditions\/","title":{"rendered":"T\u00e9rminos y condiciones"},"content":{"rendered":"<h3 class=\"has-dark-grey-color has-text-color wp-block-heading\">Permanezca en<\/h3>\n\n\n\n<p>Los apartamentos Anthea, Theros y Mythos pueden reservarse con un m\u00ednimo de uno y un m\u00e1ximo de 365 d\u00edas de antelaci\u00f3n, para un m\u00ednimo de 2 y un m\u00e1ximo de 29 noches.<\/p>\n\n\n\n<h3 class=\"has-dark-grey-color has-text-color wp-block-heading\">Reservar<\/h3>\n\n\n\n<p>Las reservas se consideran v\u00e1lidas cuando Estate Riomaggiore recibe el pago completo de la estancia. Todo el proceso de reserva se completa a trav\u00e9s del sitio EstateRiomaggiore.com en la secci\u00f3n correspondiente. No hay reembolso si los clientes se van antes o llegan tarde.<\/p>\n\n\n\n<h3 class=\"has-dark-grey-color has-text-color wp-block-heading\">Anulaci\u00f3n<\/h3>\n\n\n\n<p>&nbsp;Es posible cancelar la reserva. Si la cancelaci\u00f3n se realiza 60 d\u00edas antes de la llegada, Estate Riomaggiore devolver\u00e1 el 100% del importe pagado. Si la cancelaci\u00f3n se realiza 14 d\u00edas antes de la llegada, Estate Riomaggiore devolver\u00e1 el 70% del importe pagado. En caso de cancelaci\u00f3n m\u00e1s all\u00e1 de estos plazos, el dep\u00f3sito se retendr\u00e1 en su totalidad. En caso de no presentarse sin cancelar, Estate Riomaggiore quedar\u00e1 libre de cualquier compromiso y pondr\u00e1 el alojamiento a disposici\u00f3n de una nueva reserva.\n\nTraducci\u00f3n realizada con la versi\u00f3n gratuita del traductor www.DeepL.com\/Translator<\/p>\n\n\n\n<h3 class=\"has-dark-grey-color has-text-color wp-block-heading\">Dep\u00f3sito<\/h3>\n\n\n\n<p>A la llegada se solicitar\u00e1 una fianza de 200,00 euros para garantizar el buen estado de las instalaciones y el inventario de objetos, del que se facilitar\u00e1 una descripci\u00f3n. El importe ser\u00e1 devuelto el d\u00eda de la salida despu\u00e9s de comprobar la propiedad y el inventario, menos (a precios actuales) las sumas por cualquier da\u00f1o o defectos causados a la propiedad. S\u00f3lo se reconocer\u00e1 cualquier problema si se pone de manifiesto el d\u00eda de la llegada. El cliente se compromete a utilizar el bien alquilado con el m\u00e1ximo cuidado y ser\u00e1 responsable de los da\u00f1os y las faltas. En cualquier caso, el cliente ser\u00e1 responsable de los da\u00f1os que superen la fianza.<\/p>\n\n\n\n<h3 class=\"has-dark-grey-color has-text-color wp-block-heading\">Llegada y salida<\/h3>\n\n\n\n<p>El registro de entrada se realiza entre las 14:00 y las 19:00 horas de la fecha de llegada. El hu\u00e9sped debe comunicar la hora de llegada, al menos una hora antes de llegar, llamando al n\u00famero facilitado (tras la reserva). La hora de salida es antes de las 10 de la ma\u00f1ana de la fecha de salida. Las llegadas y salidas en horarios diferentes deben ser comunicadas, acordadas y aceptadas por la direcci\u00f3n.<\/p>\n\n\n\n<h3 class=\"has-dark-grey-color has-text-color wp-block-heading\">N\u00famero de invitados<\/h3>\n\n\n\n<p>El n\u00famero de personas no podr\u00e1 ser superior al indicado y acordado en el momento de la reserva (incluidos los ni\u00f1os). El n\u00famero de personas superior al indicado no est\u00e1 permitido y dar\u00e1 lugar a la rescisi\u00f3n del contrato con la consiguiente p\u00e9rdida de las cantidades ya abonadas, sin que se produzcan cargos y\/o indemnizaciones. La propiedad no puede ser subarrendada a terceros bajo ninguna circunstancia, de lo contrario el contrato queda rescindido.<\/p>\n\n\n\n<h3 class=\"has-dark-grey-color has-text-color wp-block-heading\">Los apartamentos<\/h3>\n\n\n\n<p>Cada apartamento est\u00e1 equipado con elementos y accesorios suficientes para el n\u00famero de personas que puede albergar. El cliente est\u00e1 obligado a inspeccionar, en el momento de la entrada, todos los elementos e informar inmediatamente al gestor de cualquier aver\u00eda o deficiencia. Una vez realizada la inspecci\u00f3n, el cliente firmar\u00e1 una lista de elementos e instalaciones que se encuentran en el interior del apartamento. Los elementos defectuosos, rotos o que falten, ser\u00e1n cargados al cliente.<\/p>\n\n\n\n<h3 class=\"has-dark-grey-color has-text-color wp-block-heading\">Ropa de cama y toallas<\/h3>\n\n\n\n<p>Cada apartamento dispone de ropa de cama y toallas para el n\u00famero de hu\u00e9spedes acordado en la reserva.<\/p>\n\n\n\n<h3 class=\"has-dark-grey-color has-text-color wp-block-heading\">Camas plegables<\/h3>\n\n\n\n<p>Disponibles bajo petici\u00f3n, camas supletorias gratuitas, para ni\u00f1os de hasta tres a\u00f1os de edad.<\/p>\n\n\n\n<h3 class=\"has-dark-grey-color has-text-color wp-block-heading\">Animales dom\u00e9sticos<\/h3>\n\n\n\n<p>Se admiten mascotas con previo aviso al hacer la reserva.<\/p>\n\n\n\n<h3 class=\"has-dark-grey-color has-text-color wp-block-heading\">Prohibici\u00f3n de fumar<\/h3>\n\n\n\n<p>Est\u00e1 prohibido fumar en los apartamentos y en el aparcamiento.<\/p>\n\n\n\n<h3 class=\"has-dark-grey-color has-text-color wp-block-heading\">Limpieza y mantenimiento<\/h3>\n\n\n\n<p>Todos los alojamientos se entregan limpios y en buen estado. Aunque la limpieza final es obligatoria, el cliente debe asegurar el orden diario del apartamento y ser\u00e1 responsable de su integridad. Al devolver la vivienda, el cliente est\u00e1 obligado a dejarla en condiciones aceptables, en particular la limpieza de la cocina y la vajilla, que deben dejarse limpias y ordenadas, de lo contrario se cobrar\u00e1 un cargo de 50,00 euros. Los clientes tambi\u00e9n deben dejar el frigor\u00edfico y el cubo de la basura vac\u00edos, y deben llevarse los residuos en funci\u00f3n de la recogida diferenciada de los mismos; tambi\u00e9n deben volver a colocar los muebles movidos durante la estancia.<\/p>\n\n\n\n<h3 class=\"has-dark-grey-color has-text-color wp-block-heading\">Buenos vecinos<\/h3>\n\n\n\n<p>Los clientes se comprometen a ocupar los alojamientos respetando las normas de buena vecindad. En particular, no deben perturbar la paz (de 23 a 7:30 horas) y en las primeras horas de la tarde (de 14 a 16 horas).<\/p>\n\n\n\n<h2 class=\"wp-block-heading\"><\/h2>\n\n\n\n<h2 class=\"has-text-align-left wp-block-heading\">Extras de pago<\/h2>\n\n\n\n<h3 class=\"wp-block-heading\">Aparcamiento<\/h3>\n\n\n\n<p>parking space is available for customers and should be verified at the time of booking. The fare is \u20ac 20,00 per day.<\/p>\n\n\n\n<h3 class=\"wp-block-heading\">Cleaning<\/h3>\n\n\n\n<p>A paid cleaning service is available&nbsp;upon request for extra cleaning (including change of linen) at a cost of \u20ac 50,00 each.<\/p>\n\n\n\n<h3 class=\"wp-block-heading\">Ropa de cama y toallas<\/h3>\n\n\n\n<p>Upon request extra change of linen is offered at an extra cost. The cost for bed linen and towels is \u20ac 15.00 per change.<\/p>","protected":false},"excerpt":{"rendered":"<p>Stay The Anthea, Theros and Mythos apartments can be booked a minimum of one and a maximum of 365 days in advance, for a minimum of 2 and maximum of 29 nights. Booking Reservations are considered valid upon receipt by Estate Riomaggiore of the full payment of the stay. The entire booking process is completed [&hellip;]<\/p>","protected":false},"author":1,"featured_media":0,"parent":0,"menu_order":0,"comment_status":"closed","ping_status":"closed","template":"","meta":{"inline_featured_image":false,"footnotes":""},"class_list":["post-317","page","type-page","status-publish","hentry"],"_links":{"self":[{"href":"https:\/\/test.estateriomaggiore.com\/es\/wp-json\/wp\/v2\/pages\/317"}],"collection":[{"href":"https:\/\/test.estateriomaggiore.com\/es\/wp-json\/wp\/v2\/pages"}],"about":[{"href":"https:\/\/test.estateriomaggiore.com\/es\/wp-json\/wp\/v2\/types\/page"}],"author":[{"embeddable":true,"href":"https:\/\/test.estateriomaggiore.com\/es\/wp-json\/wp\/v2\/users\/1"}],"replies":[{"embeddable":true,"href":"https:\/\/test.estateriomaggiore.com\/es\/wp-json\/wp\/v2\/comments?post=317"}],"version-history":[{"count":13,"href":"https:\/\/test.estateriomaggiore.com\/es\/wp-json\/wp\/v2\/pages\/317\/revisions"}],"predecessor-version":[{"id":9719,"href":"https:\/\/test.estateriomaggiore.com\/es\/wp-json\/wp\/v2\/pages\/317\/revisions\/9719"}],"wp:attachment":[{"href":"https:\/\/test.estateriomaggiore.com\/es\/wp-json\/wp\/v2\/media?parent=317"}],"curies":[{"name":"wp","href":"https:\/\/api.w.org\/{rel}","templated":true}]}}