{"id":228,"date":"2019-06-12T07:44:45","date_gmt":"2019-06-12T07:44:45","guid":{"rendered":"https:\/\/themes.getmotopress.com\/luviana\/?page_id=228"},"modified":"2024-01-25T11:17:39","modified_gmt":"2024-01-25T11:17:39","slug":"our_services","status":"publish","type":"page","link":"https:\/\/test.estateriomaggiore.com\/fr\/our_services\/","title":{"rendered":"Service"},"content":{"rendered":"<h2 class=\"wp-block-heading has-text-align-left\" id=\"h-best-service-apartments-in-the-best-location-in-riomaggiore-cinque-terre-privet-parking-privet-terrace-brand-new-air-conditioning-netflix\">Best service <a href=\"https:\/\/estateriomaggiore.com\/en\/apartments\/\">Les appartements<\/a> in the best location in <a href=\"https:\/\/www.cinqueterre.eu.com\/en\/riomaggiore\" target=\"_blank\" rel=\"noreferrer noopener\">Riomaggiore Cinque Terre<\/a>, privet parking, privet terrace, brand new air-conditioning, Netflix&#8230;<\/h2>\n\n\n\n<p><a href=\"https:\/\/estateriomaggiore.com\/\">Estate Riomaggiore<\/a> stands out as the ideal choice for families seeking the perfect blend of charm, tranquility, and an unbeatable location to explore the surroundings. Our holiday apartments, strategically positioned just 300 meters from the city center, offer the best of both worlds \u2013 proximity and serenity.<\/p>\n\n\n\n<p>Nestled in the Liguria region, <a href=\"https:\/\/en.wikipedia.org\/wiki\/Riomaggiore\" target=\"_blank\" rel=\"noreferrer noopener\">Riomaggiore<\/a> sets the stage for a distinctive experience. Discover accommodations like <a href=\"https:\/\/estateriomaggiore.com\/en\/accommodation\/mythos\/\">Mythos<\/a>, providing access to a hot tub, adding an extra layer of luxury to your stay.<\/p>\n\n\n\n<p>Committed to your well-being, we&#8217;ve implemented additional health and hygiene measures, making your safety our utmost priority. Experience the best in holiday apartments with Estate Riomaggiore, ensuring your stay in the best location of Riomaggiore, Cinque Terre, is nothing short of extraordinary.<\/p>\n\n\n\n<div class=\"wp-block-getwid-advanced-spacer\" style=\"height:20px\" aria-hidden=\"true\"><\/div>\n\n\n\n<div class=\"wp-block-getwid-section alignfull alignfull getwid-margin-top-none getwid-margin-bottom-none\"><div class=\"wp-block-getwid-section__wrapper getwid-padding-top-medium getwid-padding-bottom-normal getwid-padding-left-medium getwid-padding-right-medium getwid-padding-mobile-left-small getwid-padding-mobile-right-small\"><div class=\"wp-block-getwid-section__inner-wrapper\"><div class=\"wp-block-getwid-section__background-holder\"><div class=\"wp-block-getwid-section__background has-background has-light-grey-background-color\"><\/div><div class=\"wp-block-getwid-section__foreground\"><\/div><\/div><div class=\"wp-block-getwid-section__content\"><div class=\"wp-block-getwid-section__inner-content\">\n<div class=\"wp-block-columns has-2-columns is-layout-flex wp-container-core-columns-is-layout-1 wp-block-columns-is-layout-flex\">\n<div class=\"wp-block-column is-layout-flow wp-block-column-is-layout-flow\">\n<div class=\"wp-block-getwid-advanced-heading is-style-style-1 has-custom-font-size\" style=\"font-size:14px;margin-bottom:0px\"><p class=\"wp-block-getwid-advanced-heading__content\" style=\"font-family:&quot;Open Sans&quot;;font-weight:normal;letter-spacing:0.1em\">For the excellence of our services, Highly rated by recent guests in <a href=\"https:\/\/www.booking.com\/searchresults.en-gb.html?aid=2210273&amp;label=G7HaLO_IUjWLmmlrajUMtJWUBA7YvSjj-4cnkcgG7LG0EqtVxtXax8w%3D%3D&amp;no_rooms=1&amp;lang=en-gb&amp;lang_changed=1&amp;srpvid=fea24ad2c05501af&amp;highlighted_hotels=1421335&amp;checkin=2024-02-10&amp;redirected=1&amp;city=-126402&amp;hlrd=with_dates&amp;group_adults=2&amp;source=hotel&amp;group_children=0&amp;checkout=2024-02-12&amp;keep_landing=1&amp;sid=51d3191bb5242b87c2c09e738af712b9#hotelTmpl\" target=\"_blank\" rel=\"noreferrer noopener\">Booking.com<\/a> (9.0) <\/p><\/div>\n\n\n\n<div class=\"wp-block-getwid-advanced-heading is-style-default\" style=\"margin-top:10px\"><h2 class=\"wp-block-getwid-advanced-heading__content\">Tous nos <a href=\"https:\/\/estateriomaggiore.com\/apartments\/?lang=en\">Les appartements<\/a> offrir les services suivants <\/h2><\/div>\n<\/div>\n<\/div>\n\n\n\n<div class=\"wp-block-columns is-layout-flex wp-container-core-columns-is-layout-2 wp-block-columns-is-layout-flex\">\n<div class=\"wp-block-column is-layout-flow wp-block-column-is-layout-flow\">\n<ul class=\"wp-block-list\">\n<li>linge inclus<\/li>\n\n\n\n<li>air conditioning\/heating<\/li>\n\n\n\n<li>chauffage autonome<\/li>\n\n\n\n<li>wi-fi<\/li>\n\n\n\n<li>satellite TV, Netflix<\/li>\n\n\n\n<li>cuisine \u00e9quip\u00e9e de tous les conforts<\/li>\n\n\n\n<li>hydro-massage shower in the <a href=\"https:\/\/estateriomaggiore.com\/accommodation\/anthea\/\">Anthea<\/a> and <a href=\"https:\/\/estateriomaggiore.com\/accommodation\/theros\">Theros<\/a> Les appartements<\/li>\n\n\n\n<li>bathrooms with shower\/tub hydro-massage in the <a href=\"https:\/\/estateriomaggiore.com\/accommodation\/mythos\/\">Mythos<\/a> attic<\/li>\n\n\n\n<li>une buanderie avec machine \u00e0 laver et fer \u00e0 repasser<\/li>\n\n\n\n<li>nettoyage initial de l'appartement avec du linge propre<\/li>\n\n\n\n<li>terrasses avec chaises longues<\/li>\n\n\n\n<li>meubles de luxe<\/li>\n\n\n\n<li>service de garde des bagages le jour du d\u00e9part, dans une chambre<\/li>\n\n\n\n<li>les animaux domestiques sont les bienvenus<\/li>\n\n\n\n<li>lit \u00e0 roulettes gratuit pour les enfants jusqu'\u00e0 trois ans<\/li>\n<\/ul>\n<\/div>\n<\/div>\n\n\n\n<figure class=\"wp-block-gallery has-nested-images columns-default is-cropped wp-block-gallery-1 is-layout-flex wp-block-gallery-is-layout-flex\">\n<figure class=\"wp-block-image size-large\"><img loading=\"lazy\" decoding=\"async\" width=\"1024\" height=\"768\" src=\"https:\/\/estateriomaggiore.com\/wp-content\/uploads\/2019\/06\/estate-1024x768.jpg\" alt=\"Riomaggiore;Holiday Rental;Cinque Terre;Hotel; Apartment;Home\" class=\"wp-image-9956\" srcset=\"https:\/\/test.estateriomaggiore.com\/wp-content\/uploads\/2019\/06\/estate-1024x768.jpg 1024w, https:\/\/test.estateriomaggiore.com\/wp-content\/uploads\/2019\/06\/estate-300x225.jpg 300w, https:\/\/test.estateriomaggiore.com\/wp-content\/uploads\/2019\/06\/estate-768x576.jpg 768w, https:\/\/test.estateriomaggiore.com\/wp-content\/uploads\/2019\/06\/estate-16x12.jpg 16w, https:\/\/test.estateriomaggiore.com\/wp-content\/uploads\/2019\/06\/estate-1170x878.jpg 1170w, https:\/\/test.estateriomaggiore.com\/wp-content\/uploads\/2019\/06\/estate.jpg 1400w\" sizes=\"(max-width: 1024px) 100vw, 1024px\" \/><\/figure>\n<\/figure>\n\n\n\n<div class=\"wp-block-columns is-layout-flex wp-container-core-columns-is-layout-3 wp-block-columns-is-layout-flex\">\n<div class=\"wp-block-column is-layout-flow wp-block-column-is-layout-flow\"><\/div>\n\n\n\n<div class=\"wp-block-column is-layout-flow wp-block-column-is-layout-flow\"><\/div>\n\n\n\n<div class=\"wp-block-column is-layout-flow wp-block-column-is-layout-flow\"><\/div>\n<\/div>\n\n\n\n<div class=\"wp-block-columns is-layout-flex wp-container-core-columns-is-layout-4 wp-block-columns-is-layout-flex\">\n<div class=\"wp-block-column is-layout-flow wp-block-column-is-layout-flow\">\n<h3 class=\"wp-block-heading\" id=\"h-cancellation-prepayment\"><br>Annulation \/ pr\u00e9paiement<\/h3>\n\n\n\n<p>Il est possible d'annuler la r\u00e9servation. Si l'annulation intervient 30 jours avant l'arriv\u00e9e, <a href=\"https:\/\/estateriomaggiore.com\">Estate Riomaggiore<\/a> will refund 100% of the amount paid or if the cancellation is 14 days before arrival, Estate Riomaggiore will refund 70% of the amount paid. In case of cancellations beyond these terms, the deposit will be retained totally. In case of a no-show without cancellation, Estate Riomaggiore will be free from any commitment and make the accommodation available for a new reservation.<\/p>\n\n\n\n<p>S'il te pla\u00eet <a href=\"https:\/\/estateriomaggiore.com\/contact-us\/\">contact us<\/a> pour plus d'informations \u00e0 ce sujet.<\/p>\n<\/div>\n\n\n\n<div class=\"wp-block-column is-layout-flow wp-block-column-is-layout-flow\">\n<h3 class=\"wp-block-heading\" id=\"h-refundable-damage-deposit\"><br>D\u00e9p\u00f4t de garantie remboursable pour les dommages<\/h3>\n\n\n\n<p>Un d\u00e9p\u00f4t de garantie de 200 EUR est exig\u00e9 \u00e0 l'arriv\u00e9e. Celui-ci sera per\u00e7u sous forme de paiement en esp\u00e8ces. Vous devriez \u00eatre rembours\u00e9 au moment du d\u00e9part. Votre d\u00e9p\u00f4t de garantie vous sera int\u00e9gralement rembours\u00e9 en esp\u00e8ces, sous r\u00e9serve d'un \u00e9tat des lieux satisfaisant de l'h\u00e9bergement.<\/p>\n<\/div>\n<\/div>\n\n\n\n<div style=\"height:61px\" aria-hidden=\"true\" class=\"wp-block-spacer\"><\/div>\n\n\n\n<hr class=\"wp-block-separator has-text-color has-grey-color has-css-opacity has-grey-background-color has-background is-style-wide\"\/>\n\n\n\n<div style=\"height:60px\" aria-hidden=\"true\" class=\"wp-block-spacer\"><\/div>\n\n\n\n<div class=\"wp-block-columns is-layout-flex wp-container-core-columns-is-layout-5 wp-block-columns-is-layout-flex\">\n<div class=\"wp-block-column is-layout-flow wp-block-column-is-layout-flow\">\n<h3 class=\"wp-block-heading\" id=\"h-children-and-beds\">Les enfants et les lits<\/h3>\n\n\n\n<p>Dans le d\u00e9tail, les enfants de tout \u00e2ge sont les bienvenus, \u00e0 partir de 7 ans, ils appartiennent aux cat\u00e9gories adultes (dans cet \u00e9tablissement).<br>Pour voir les prix corrects et les informations d'occupation, veuillez ajouter le nombre d'enfants dans votre groupe et leur \u00e2ge \u00e0 votre recherche.<br><\/p>\n\n\n\n<p>Les suppl\u00e9ments ne sont pas calcul\u00e9s automatiquement dans les co\u00fbts totaux et devront \u00eatre pay\u00e9s s\u00e9par\u00e9ment pendant votre s\u00e9jour.<\/p>\n\n\n\n<p>Le nombre maximum de lits d'appoint et de lits de b\u00e9b\u00e9 autoris\u00e9s d\u00e9pend de la chambre que vous choisissez. Veuillez v\u00e9rifier la capacit\u00e9 maximale de la chambre que vous avez choisie.<\/p>\n\n\n\n<p>Tous les lits de b\u00e9b\u00e9 et les lits d'appoint sont soumis \u00e0 disponibilit\u00e9.<\/p>\n\n\n\n<p>Nous aimons les animaux et ils sont les bienvenus dans notre logement.<\/p>\n\n\n\n<div style=\"height:6px\" aria-hidden=\"true\" class=\"wp-block-spacer\"><\/div>\n<\/div>\n\n\n\n<div class=\"wp-block-column is-layout-flow wp-block-column-is-layout-flow\">\n<h3 class=\"wp-block-heading\" id=\"h-smoking-ban\">Interdiction de fumer<\/h3>\n\n\n\n<p>L'interdiction de fumer dans les espaces clos du b\u00e2timent Estate Riomaggiore.<\/p>\n\n\n\n<p>Please be aware, that all apartments and parking at the&nbsp;Estate Riomaggiore are non-smoking.<br>The owner respectfully requests that our guests do not smoke in the rooms and instead&nbsp;use the dedicated outdoor smoking area.&nbsp; &nbsp; <\/p>\n<\/div>\n<\/div>\n\n\n\n<figure class=\"wp-block-pullquote\"><blockquote><p>L'a\u00e9roport le plus proche est l'a\u00e9roport international de Pise, \u00e0 69 km de l'appartement. Les couples aiment particuli\u00e8rement l'emplacement - ils l'ont \u00e9valu\u00e9&nbsp;<strong>9.2<\/strong>&nbsp;pour un voyage \u00e0 deux.<br>Nous parlons votre langue !<\/p><cite class=\" translation-block\">Le Domaine Riomaggiore accueille les clients de Booking.com depuis le 25 juin 2015.<\/cite><\/blockquote><\/figure>\n\n\n\n<div style=\"height:37px\" aria-hidden=\"true\" class=\"wp-block-spacer\"><\/div>\n\n\n\n<p class=\"has-medium-font-size\"><\/p>\n\n\n\n<div class=\"wp-block-columns is-layout-flex wp-container-core-columns-is-layout-6 wp-block-columns-is-layout-flex\">\n<div class=\"wp-block-column is-layout-flow wp-block-column-is-layout-flow\">\n<h2 class=\"wp-block-heading\" id=\"h-extra-services\">Services suppl\u00e9mentaires<\/h2>\n\n\n\n<div style=\"height:34px\" aria-hidden=\"true\" class=\"wp-block-spacer\"><\/div>\n<\/div>\n<\/div>\n\n\n\n<div class=\"wp-block-columns is-layout-flex wp-container-core-columns-is-layout-7 wp-block-columns-is-layout-flex\">\n<div class=\"wp-block-column is-layout-flow wp-block-column-is-layout-flow\">\n<h3 class=\"wp-block-heading\" id=\"h-linen\">Lin<\/h3>\n\n\n\n<figure class=\"wp-block-image size-large is-style-default\"><img loading=\"lazy\" decoding=\"async\" width=\"1024\" height=\"666\" src=\"https:\/\/estateriomaggiore.com\/wp-content\/uploads\/2021\/01\/linen-1024x666.jpg\" alt=\"\" class=\"wp-image-8710\" srcset=\"https:\/\/test.estateriomaggiore.com\/wp-content\/uploads\/2021\/01\/linen-1024x666.jpg 1024w, https:\/\/test.estateriomaggiore.com\/wp-content\/uploads\/2021\/01\/linen-300x195.jpg 300w, https:\/\/test.estateriomaggiore.com\/wp-content\/uploads\/2021\/01\/linen-768x500.jpg 768w, https:\/\/test.estateriomaggiore.com\/wp-content\/uploads\/2021\/01\/linen-1170x761.jpg 1170w, https:\/\/test.estateriomaggiore.com\/wp-content\/uploads\/2021\/01\/linen-140x90.jpg 140w, https:\/\/test.estateriomaggiore.com\/wp-content\/uploads\/2021\/01\/linen.jpg 1200w\" sizes=\"(max-width: 1024px) 100vw, 1024px\" \/><\/figure>\n\n\n\n<p>Changement de linge suppl\u00e9mentaire,<\/p>\n\n\n\n<p>Pour obtenir le service de changement de linge suppl\u00e9mentaire, vous pouvez demander directement au personnel au moment de l'enregistrement ou \u00e0 tout autre moment de votre s\u00e9jour, mais, pour \u00eatre s\u00fbr que Estate Riomaggiore est disponible pour effectuer ce service, veuillez nous en informer \u00e0 l'avance. par email.<\/p>\n\n\n\n<p>15.00 Euro (par r\u00e9servation)<\/p>\n<\/div>\n\n\n\n<div class=\"wp-block-column is-layout-flow wp-block-column-is-layout-flow\">\n<h3 class=\"wp-block-heading\" id=\"h-parking-space\">Place de parking<\/h3>\n\n\n\n<figure class=\"wp-block-image size-large parking\"><img loading=\"lazy\" decoding=\"async\" width=\"1024\" height=\"666\" src=\"https:\/\/estateriomaggiore.com\/wp-content\/uploads\/2021\/02\/parking-1024x666.jpg\" alt=\"\" class=\"wp-image-8712\" srcset=\"https:\/\/test.estateriomaggiore.com\/wp-content\/uploads\/2021\/02\/parking-1024x666.jpg 1024w, https:\/\/test.estateriomaggiore.com\/wp-content\/uploads\/2021\/02\/parking-300x195.jpg 300w, https:\/\/test.estateriomaggiore.com\/wp-content\/uploads\/2021\/02\/parking-768x500.jpg 768w, https:\/\/test.estateriomaggiore.com\/wp-content\/uploads\/2021\/02\/parking-1170x761.jpg 1170w, https:\/\/test.estateriomaggiore.com\/wp-content\/uploads\/2021\/02\/parking-140x90.jpg 140w, https:\/\/test.estateriomaggiore.com\/wp-content\/uploads\/2021\/02\/parking.jpg 1200w\" sizes=\"(max-width: 1024px) 100vw, 1024px\" \/><\/figure>\n\n\n\n<p>Covered parking in the same building,<br><br>Pour obtenir un parking peut demander au personnel avant le check-in, pour \u00eatre s\u00fbr, que <a href=\"https:\/\/estateriomaggiore.com\">Estate Riomaggiore<\/a> est disponible pour effectuer ce service, veuillez nous en informer \u00e0 l'avance par e-mail.<br>20.00 Euro (par jour)<\/p>\n<\/div>\n\n\n\n<div class=\"wp-block-column is-layout-flow wp-block-column-is-layout-flow\">\n<h3 class=\"wp-block-heading\" id=\"h-cleaning-of-apartment\">Nettoyage de l'appartement<\/h3>\n\n\n\n<figure class=\"wp-block-image size-large is-style-default\"><img loading=\"lazy\" decoding=\"async\" width=\"1024\" height=\"666\" src=\"https:\/\/estateriomaggiore.com\/wp-content\/uploads\/2021\/02\/clean-1024x666.jpg\" alt=\"\" class=\"wp-image-8716\" srcset=\"https:\/\/test.estateriomaggiore.com\/wp-content\/uploads\/2021\/02\/clean-1024x666.jpg 1024w, https:\/\/test.estateriomaggiore.com\/wp-content\/uploads\/2021\/02\/clean-300x195.jpg 300w, https:\/\/test.estateriomaggiore.com\/wp-content\/uploads\/2021\/02\/clean-768x500.jpg 768w, https:\/\/test.estateriomaggiore.com\/wp-content\/uploads\/2021\/02\/clean-1170x761.jpg 1170w, https:\/\/test.estateriomaggiore.com\/wp-content\/uploads\/2021\/02\/clean-140x90.jpg 140w, https:\/\/test.estateriomaggiore.com\/wp-content\/uploads\/2021\/02\/clean.jpg 1200w\" sizes=\"(max-width: 1024px) 100vw, 1024px\" \/><\/figure>\n\n\n\n<p>Extra cleaning of the apartment,<\/p>\n\n\n\n<p>Pour obtenir le service de nettoyage suppl\u00e9mentaire, vous pouvez demander directement au personnel lors de l'enregistrement ou \u00e0 tout autre moment de votre s\u00e9jour, mais, pour \u00eatre s\u00fbr, que <a href=\"https:\/\/estateriomaggiore.com\">Estate Riomaggiore<\/a> est disponible pour effectuer ce service, veuillez nous en informer \u00e0 l'avance par e-mail.<\/p>\n\n\n\n<p>50.00 Euro (par r\u00e9servation)<\/p>\n<\/div>\n<\/div>\n<\/div><\/div><\/div><\/div><\/div>\n\n\n\n<p><\/p>","protected":false},"excerpt":{"rendered":"<p>Best service apartments in the best location in Riomaggiore Cinque Terre, privet parking, privet terrace, brand new air-conditioning, Netflix&#8230; Estate Riomaggiore stands out as the ideal choice for families seeking the perfect blend of charm, tranquility, and an unbeatable location to explore the surroundings. Our holiday apartments, strategically positioned just 300 meters from the city [&hellip;]<\/p>","protected":false},"author":1,"featured_media":0,"parent":0,"menu_order":0,"comment_status":"closed","ping_status":"closed","template":"","meta":{"inline_featured_image":false,"footnotes":""},"class_list":["post-228","page","type-page","status-publish","hentry"],"_links":{"self":[{"href":"https:\/\/test.estateriomaggiore.com\/fr\/wp-json\/wp\/v2\/pages\/228"}],"collection":[{"href":"https:\/\/test.estateriomaggiore.com\/fr\/wp-json\/wp\/v2\/pages"}],"about":[{"href":"https:\/\/test.estateriomaggiore.com\/fr\/wp-json\/wp\/v2\/types\/page"}],"author":[{"embeddable":true,"href":"https:\/\/test.estateriomaggiore.com\/fr\/wp-json\/wp\/v2\/users\/1"}],"replies":[{"embeddable":true,"href":"https:\/\/test.estateriomaggiore.com\/fr\/wp-json\/wp\/v2\/comments?post=228"}],"version-history":[{"count":133,"href":"https:\/\/test.estateriomaggiore.com\/fr\/wp-json\/wp\/v2\/pages\/228\/revisions"}],"predecessor-version":[{"id":16666,"href":"https:\/\/test.estateriomaggiore.com\/fr\/wp-json\/wp\/v2\/pages\/228\/revisions\/16666"}],"wp:attachment":[{"href":"https:\/\/test.estateriomaggiore.com\/fr\/wp-json\/wp\/v2\/media?parent=228"}],"curies":[{"name":"wp","href":"https:\/\/api.w.org\/{rel}","templated":true}]}}