{"id":317,"date":"2019-06-12T11:59:52","date_gmt":"2019-06-12T11:59:52","guid":{"rendered":"https:\/\/themes.getmotopress.com\/luviana\/?page_id=317"},"modified":"2021-02-28T11:14:08","modified_gmt":"2021-02-28T11:14:08","slug":"terms-conditions","status":"publish","type":"page","link":"https:\/\/test.estateriomaggiore.com\/fr\/terms-conditions\/","title":{"rendered":"Conditions g\u00e9n\u00e9rales"},"content":{"rendered":"<h3 class=\"has-dark-grey-color has-text-color wp-block-heading\">S\u00e9jour<\/h3>\n\n\n\n<p>Les appartements Anthea, Theros et Mythos peuvent \u00eatre r\u00e9serv\u00e9s au minimum un et au maximum 365 jours \u00e0 l'avance, pour un minimum de 2 et un maximum de 29 nuits.<\/p>\n\n\n\n<h3 class=\"has-dark-grey-color has-text-color wp-block-heading\">R\u00e9servation<\/h3>\n\n\n\n<p>Les r\u00e9servations sont consid\u00e9r\u00e9es comme valables d\u00e8s r\u00e9ception par Estate Riomaggiore du paiement int\u00e9gral du s\u00e9jour. L'ensemble du processus de r\u00e9servation se fait sur le site EstateRiomaggiore.com dans la section appropri\u00e9e. Il n'y a pas de remboursement si les clients partent t\u00f4t ou arrivent tard.<\/p>\n\n\n\n<h3 class=\"has-dark-grey-color has-text-color wp-block-heading\">Annulation<\/h3>\n\n\n\n<p>&nbsp;Il est possible d'annuler la r\u00e9servation. Si l'annulation est effectu\u00e9e 60 jours avant l'arriv\u00e9e, Estate Riomaggiore remboursera 100 % du montant pay\u00e9. Si l'annulation est effectu\u00e9e 14 jours avant l'arriv\u00e9e, Estate Riomaggiore remboursera 70 % du montant pay\u00e9. En cas d'annulation au-del\u00e0 de ces conditions, l'acompte sera conserv\u00e9 en totalit\u00e9. En cas de non-pr\u00e9sentation sans annulation, Estate Riomaggiore sera lib\u00e9r\u00e9 de tout engagement et mettra le logement \u00e0 disposition pour une nouvelle r\u00e9servation.\n\nTraduit avec www.DeepL.com\/Translator (version gratuite)<\/p>\n\n\n\n<h3 class=\"has-dark-grey-color has-text-color wp-block-heading\">D\u00e9p\u00f4t<\/h3>\n\n\n\n<p>\u00c0 l'arriv\u00e9e, nous demanderons une caution de 200,00 \u20ac pour garantir le bon \u00e9tat des locaux et l'inventaire des objets, dont une description sera fournie. Cette somme sera restitu\u00e9e le jour du d\u00e9part apr\u00e8s v\u00e9rification des biens et de l'inventaire, d\u00e9duction faite (aux prix courants) des sommes correspondant aux \u00e9ventuels dommages ou d\u00e9fauts caus\u00e9s aux biens. Les probl\u00e8mes \u00e9ventuels ne seront reconnus que s'ils sont mis en \u00e9vidence le jour de l'arriv\u00e9e. Le client s'engage \u00e0 utiliser le bien lou\u00e9 avec le plus grand soin et sera responsable des dommages et des objets manquants. Le client sera, en tout \u00e9tat de cause, responsable de tout dommage d\u00e9passant la caution.<\/p>\n\n\n\n<h3 class=\"has-dark-grey-color has-text-color wp-block-heading\">Arriv\u00e9e et d\u00e9part<\/h3>\n\n\n\n<p>L'enregistrement se fait entre 14 heures et 19 heures de la date d'arriv\u00e9e. Le client est tenu de communiquer l'heure d'arriv\u00e9e, au moins une heure avant son arriv\u00e9e, en appelant le num\u00e9ro fourni (apr\u00e8s la r\u00e9servation). L'heure de d\u00e9part est fix\u00e9e \u00e0 10 heures au plus tard le jour du d\u00e9part. Les arriv\u00e9es et les d\u00e9parts \u00e0 des heures diff\u00e9rentes doivent \u00eatre communiqu\u00e9s et accept\u00e9s par la direction.<\/p>\n\n\n\n<h3 class=\"has-dark-grey-color has-text-color wp-block-heading\">Nombre d'invit\u00e9s<\/h3>\n\n\n\n<p>Le nombre de personnes (y compris les enfants) ne doit pas \u00eatre sup\u00e9rieur \u00e0 celui indiqu\u00e9 et convenu au moment de la r\u00e9servation. Le nombre de personnes sup\u00e9rieur \u00e0 celui indiqu\u00e9 n'est pas autoris\u00e9 et entra\u00eenera la r\u00e9siliation du contrat, ce qui entra\u00eenera la perte de tout montant d\u00e9j\u00e0 pay\u00e9, sans frais et\/ou compensation. La propri\u00e9t\u00e9 ne peut en aucun cas \u00eatre sous-lou\u00e9e \u00e0 des tiers, sous peine de r\u00e9siliation du contrat.<\/p>\n\n\n\n<h3 class=\"has-dark-grey-color has-text-color wp-block-heading\">Les appartements<\/h3>\n\n\n\n<p>Chaque appartement est \u00e9quip\u00e9 de suffisamment d'articles et d'accessoires pour le nombre de personnes qu'il peut contenir. Le client est tenu d'inspecter, d\u00e8s son arriv\u00e9e, tous les articles et de signaler imm\u00e9diatement au g\u00e9rant tout dysfonctionnement ou toute anomalie. Une fois l'inspection effectu\u00e9e, le client signera une liste des articles et des installations qui se trouvent \u00e0 l'int\u00e9rieur de l'appartement. Les articles d\u00e9fectueux, cass\u00e9s ou manquants seront factur\u00e9s au client.<\/p>\n\n\n\n<h3 class=\"has-dark-grey-color has-text-color wp-block-heading\">Linge de lit et de toilette<\/h3>\n\n\n\n<p>Chaque appartement dispose de draps et de serviettes pour le nombre de personnes convenu lors de la r\u00e9servation.<\/p>\n\n\n\n<h3 class=\"has-dark-grey-color has-text-color wp-block-heading\">Lits roulants<\/h3>\n\n\n\n<p>Sur demande, des lits roulants gratuits sont disponibles pour les enfants jusqu'\u00e0 trois ans.<\/p>\n\n\n\n<h3 class=\"has-dark-grey-color has-text-color wp-block-heading\">Animaux de compagnie<\/h3>\n\n\n\n<p>Les animaux domestiques sont les bienvenus, \u00e0 condition d'en faire la demande au moment de la r\u00e9servation.<\/p>\n\n\n\n<h3 class=\"has-dark-grey-color has-text-color wp-block-heading\">Interdiction de fumer<\/h3>\n\n\n\n<p>Il est interdit de fumer \u00e0 l'int\u00e9rieur des appartements et sur le parking.<\/p>\n\n\n\n<h3 class=\"has-dark-grey-color has-text-color wp-block-heading\">Nettoyage et entretien<\/h3>\n\n\n\n<p>Tous les logements sont remis propres et en \u00e9tat de fonctionnement. Bien que le nettoyage final soit obligatoire, le client doit veiller au rangement quotidien de l'appartement et sera responsable de son int\u00e9grit\u00e9. Lors de la restitution de la propri\u00e9t\u00e9, le client est tenu de laisser la propri\u00e9t\u00e9 dans des conditions acceptables, en particulier le nettoyage de la cuisine et de la vaisselle qui doit \u00eatre laiss\u00e9e propre et rang\u00e9e, faute de quoi un montant de 50,00 \u20ac sera pr\u00e9lev\u00e9. Le client doit \u00e9galement laisser le r\u00e9frig\u00e9rateur et la poubelle vides, et doit enlever les d\u00e9chets selon le syst\u00e8me de collecte diff\u00e9renci\u00e9e ; il doit \u00e9galement remettre en place tout meuble d\u00e9plac\u00e9 pendant le s\u00e9jour.<\/p>\n\n\n\n<h3 class=\"has-dark-grey-color has-text-color wp-block-heading\">Bons voisins<\/h3>\n\n\n\n<p>Les clients s'engagent \u00e0 occuper les logements en respectant les r\u00e8gles de bon voisinage. En particulier, ils ne doivent pas troubler la tranquillit\u00e9 (de 23 heures \u00e0 7h30) et en d\u00e9but d'apr\u00e8s-midi (de 14 heures \u00e0 16 heures).<\/p>\n\n\n\n<h2 class=\"wp-block-heading\"><\/h2>\n\n\n\n<h2 class=\"has-text-align-left wp-block-heading\">Les extras pay\u00e9s<\/h2>\n\n\n\n<h3 class=\"wp-block-heading\">Parking<\/h3>\n\n\n\n<p>parking space is available for customers and should be verified at the time of booking. The fare is \u20ac 20,00 per day.<\/p>\n\n\n\n<h3 class=\"wp-block-heading\">Cleaning<\/h3>\n\n\n\n<p>A paid cleaning service is available&nbsp;upon request for extra cleaning (including change of linen) at a cost of \u20ac 50,00 each.<\/p>\n\n\n\n<h3 class=\"wp-block-heading\">Linge de lit et de toilette<\/h3>\n\n\n\n<p>Upon request extra change of linen is offered at an extra cost. The cost for bed linen and towels is \u20ac 15.00 per change.<\/p>","protected":false},"excerpt":{"rendered":"<p>Stay The Anthea, Theros and Mythos apartments can be booked a minimum of one and a maximum of 365 days in advance, for a minimum of 2 and maximum of 29 nights. Booking Reservations are considered valid upon receipt by Estate Riomaggiore of the full payment of the stay. The entire booking process is completed [&hellip;]<\/p>","protected":false},"author":1,"featured_media":0,"parent":0,"menu_order":0,"comment_status":"closed","ping_status":"closed","template":"","meta":{"inline_featured_image":false,"footnotes":""},"class_list":["post-317","page","type-page","status-publish","hentry"],"_links":{"self":[{"href":"https:\/\/test.estateriomaggiore.com\/fr\/wp-json\/wp\/v2\/pages\/317"}],"collection":[{"href":"https:\/\/test.estateriomaggiore.com\/fr\/wp-json\/wp\/v2\/pages"}],"about":[{"href":"https:\/\/test.estateriomaggiore.com\/fr\/wp-json\/wp\/v2\/types\/page"}],"author":[{"embeddable":true,"href":"https:\/\/test.estateriomaggiore.com\/fr\/wp-json\/wp\/v2\/users\/1"}],"replies":[{"embeddable":true,"href":"https:\/\/test.estateriomaggiore.com\/fr\/wp-json\/wp\/v2\/comments?post=317"}],"version-history":[{"count":13,"href":"https:\/\/test.estateriomaggiore.com\/fr\/wp-json\/wp\/v2\/pages\/317\/revisions"}],"predecessor-version":[{"id":9719,"href":"https:\/\/test.estateriomaggiore.com\/fr\/wp-json\/wp\/v2\/pages\/317\/revisions\/9719"}],"wp:attachment":[{"href":"https:\/\/test.estateriomaggiore.com\/fr\/wp-json\/wp\/v2\/media?parent=317"}],"curies":[{"name":"wp","href":"https:\/\/api.w.org\/{rel}","templated":true}]}}