{"id":317,"date":"2019-06-12T11:59:52","date_gmt":"2019-06-12T11:59:52","guid":{"rendered":"https:\/\/themes.getmotopress.com\/luviana\/?page_id=317"},"modified":"2021-02-28T11:14:08","modified_gmt":"2021-02-28T11:14:08","slug":"terms-conditions","status":"publish","type":"page","link":"https:\/\/test.estateriomaggiore.com\/it\/terms-conditions\/","title":{"rendered":"Termini e condizioni"},"content":{"rendered":"<h3 class=\"has-dark-grey-color has-text-color wp-block-heading\">Resta<\/h3>\n\n\n\n<p>Gli appartamenti Anthea, Theros e Mythos possono essere prenotati con un minimo di uno e un massimo di 365 giorni di anticipo, per un minimo di 2 e un massimo di 29 notti.<\/p>\n\n\n\n<h3 class=\"has-dark-grey-color has-text-color wp-block-heading\">Prenotazione<\/h3>\n\n\n\n<p>Le prenotazioni sono considerate valide al ricevimento da parte di Estate Riomaggiore dell'intero pagamento del soggiorno. L'intero processo di prenotazione viene completato attraverso il sito EstateRiomaggiore.com nell'apposita sezione. Non sono previsti rimborsi in caso di partenza anticipata o arrivo in ritardo.<\/p>\n\n\n\n<h3 class=\"has-dark-grey-color has-text-color wp-block-heading\">Cancellazione<\/h3>\n\n\n\n<p>&nbsp;E' possibile cancellare la prenotazione. Se la cancellazione avviene 60 giorni prima dell'arrivo, Estate Riomaggiore rimborser\u00e0 il 100% dell'importo pagato. Se la cancellazione avviene 14 giorni prima dell'arrivo, Estate Riomaggiore rimborser\u00e0 il 70% dell'importo versato. In caso di cancellazioni oltre questi termini, la caparra verr\u00e0 trattenuta totalmente. In caso di no-show senza cancellazione, Estate Riomaggiore sar\u00e0 libera da ogni impegno e render\u00e0 l'alloggio disponibile per una nuova prenotazione.<\/p>\n\n\n\n<h3 class=\"has-dark-grey-color has-text-color wp-block-heading\">Deposito<\/h3>\n\n\n\n<p>All'arrivo verr\u00e0 richiesta una cauzione di \u20ac 200,00 a garanzia del buono stato dei locali e dell'inventario degli oggetti, di cui verr\u00e0 fornita una descrizione. L'importo sar\u00e0 restituito il giorno della partenza dopo il controllo dell'immobile e dell'inventario, detratte (ai prezzi correnti) le somme per eventuali danni o difetti causati all'immobile. Eventuali problemi saranno riconosciuti solo se evidenziati il giorno dell'arrivo. Il cliente si impegna ad utilizzare il bene affittato con la massima cura e sar\u00e0 responsabile dei danni e degli oggetti mancanti. Il cliente sar\u00e0, in ogni caso, responsabile di qualsiasi danno superiore alla cauzione.<\/p>\n\n\n\n<h3 class=\"has-dark-grey-color has-text-color wp-block-heading\">Arrivo e partenza<\/h3>\n\n\n\n<p>Il check-in \u00e8 tra le 14.00 e le 19.00 della data di arrivo. L'ospite \u00e8 tenuto a comunicare l'orario di arrivo, almeno un'ora prima di arrivare, chiamando il numero fornito (dopo la prenotazione). L'orario di check-out \u00e8 entro le 10 del giorno di partenza. Arrivi e partenze in orari diversi devono essere comunicati e concordati e accettati dalla direzione.<\/p>\n\n\n\n<h3 class=\"has-dark-grey-color has-text-color wp-block-heading\">Numero di ospiti<\/h3>\n\n\n\n<p>Il numero di persone non potr\u00e0 essere superiore a quello dichiarato e concordato al momento della prenotazione (bambini compresi). Il numero di persone superiore a quelle dichiarate non \u00e8 consentito e causer\u00e0 la risoluzione del contratto con conseguente perdita dell'eventuale importo gi\u00e0 versato, senza alcun onere e\/o risarcimento. La propriet\u00e0 non pu\u00f2 essere subaffittata a terzi in nessun caso, pena la risoluzione del contratto.<\/p>\n\n\n\n<h3 class=\"has-dark-grey-color has-text-color wp-block-heading\">Gli appartamenti<\/h3>\n\n\n\n<p>Ogni appartamento \u00e8 dotato di articoli e accessori sufficienti per il numero di persone che pu\u00f2 ospitare. Il cliente \u00e8 tenuto a ispezionare, al momento del check-in, tutti gli articoli e a segnalare immediatamente al gestore eventuali malfunzionamenti o carenze. Una volta effettuata l'ispezione, il cliente firmer\u00e0 una lista di oggetti e strutture che si trovano all'interno dell'appartamento. Gli oggetti difettosi, rotti o mancanti saranno addebitati al cliente.<\/p>\n\n\n\n<h3 class=\"has-dark-grey-color has-text-color wp-block-heading\">Lenzuola e asciugamani<\/h3>\n\n\n\n<p>Ogni appartamento dispone di lenzuola e asciugamani per il numero di ospiti concordato al momento della prenotazione.<\/p>\n\n\n\n<h3 class=\"has-dark-grey-color has-text-color wp-block-heading\">Letti a scomparsa<\/h3>\n\n\n\n<p>Disponibile su richiesta, letti a scomparsa gratuiti, per bambini fino a tre anni di et\u00e0.<\/p>\n\n\n\n<h3 class=\"has-dark-grey-color has-text-color wp-block-heading\">Animali domestici<\/h3>\n\n\n\n<p>Gli animali domestici sono i benvenuti con preavviso al momento della prenotazione.<\/p>\n\n\n\n<h3 class=\"has-dark-grey-color has-text-color wp-block-heading\">Divieto di fumo<\/h3>\n\n\n\n<p>\u00c8 vietato fumare all'interno degli appartamenti e del parcheggio.<\/p>\n\n\n\n<h3 class=\"has-dark-grey-color has-text-color wp-block-heading\">Pulizia e manutenzione<\/h3>\n\n\n\n<p>Tutti gli alloggi vengono consegnati puliti e funzionanti. Anche se la pulizia finale \u00e8 obbligatoria, il cliente deve assicurare il riordino quotidiano dell'appartamento e sar\u00e0 responsabile della sua integrit\u00e0. Alla riconsegna dell'immobile il cliente \u00e8 obbligato a lasciare l'immobile in condizioni accettabili, in particolare la pulizia della cucina e delle stoviglie che devono essere lasciate pulite e in ordine altrimenti verr\u00e0 addebitato un importo di \u20ac 50,00. Il cliente deve inoltre lasciare il frigorifero e il cestino vuoto, e deve portare via i rifiuti in base alla raccolta differenziata; deve inoltre rimettere a posto eventuali mobili spostati durante il soggiorno.<\/p>\n\n\n\n<h3 class=\"has-dark-grey-color has-text-color wp-block-heading\">Buoni vicini<\/h3>\n\n\n\n<p>I clienti si impegnano a occupare gli alloggi rispettando le regole del buon vicinato. In particolare non devono disturbare la quiete (dalle 23 alle 7.30) e nelle prime ore del pomeriggio (dalle 14 alle 16).<\/p>\n\n\n\n<h2 class=\"wp-block-heading\"><\/h2>\n\n\n\n<h2 class=\"has-text-align-left wp-block-heading\">Extra pagati<\/h2>\n\n\n\n<h3 class=\"wp-block-heading\">Parcheggio<\/h3>\n\n\n\n<p>parking space is available for customers and should be verified at the time of booking. The fare is \u20ac 20,00 per day.<\/p>\n\n\n\n<h3 class=\"wp-block-heading\">Cleaning<\/h3>\n\n\n\n<p>A paid cleaning service is available&nbsp;upon request for extra cleaning (including change of linen) at a cost of \u20ac 50,00 each.<\/p>\n\n\n\n<h3 class=\"wp-block-heading\">Lenzuola e asciugamani<\/h3>\n\n\n\n<p>Upon request extra change of linen is offered at an extra cost. The cost for bed linen and towels is \u20ac 15.00 per change.<\/p>","protected":false},"excerpt":{"rendered":"<p>Stay The Anthea, Theros and Mythos apartments can be booked a minimum of one and a maximum of 365 days in advance, for a minimum of 2 and maximum of 29 nights. Booking Reservations are considered valid upon receipt by Estate Riomaggiore of the full payment of the stay. The entire booking process is completed [&hellip;]<\/p>","protected":false},"author":1,"featured_media":0,"parent":0,"menu_order":0,"comment_status":"closed","ping_status":"closed","template":"","meta":{"inline_featured_image":false,"footnotes":""},"class_list":["post-317","page","type-page","status-publish","hentry"],"_links":{"self":[{"href":"https:\/\/test.estateriomaggiore.com\/it\/wp-json\/wp\/v2\/pages\/317"}],"collection":[{"href":"https:\/\/test.estateriomaggiore.com\/it\/wp-json\/wp\/v2\/pages"}],"about":[{"href":"https:\/\/test.estateriomaggiore.com\/it\/wp-json\/wp\/v2\/types\/page"}],"author":[{"embeddable":true,"href":"https:\/\/test.estateriomaggiore.com\/it\/wp-json\/wp\/v2\/users\/1"}],"replies":[{"embeddable":true,"href":"https:\/\/test.estateriomaggiore.com\/it\/wp-json\/wp\/v2\/comments?post=317"}],"version-history":[{"count":13,"href":"https:\/\/test.estateriomaggiore.com\/it\/wp-json\/wp\/v2\/pages\/317\/revisions"}],"predecessor-version":[{"id":9719,"href":"https:\/\/test.estateriomaggiore.com\/it\/wp-json\/wp\/v2\/pages\/317\/revisions\/9719"}],"wp:attachment":[{"href":"https:\/\/test.estateriomaggiore.com\/it\/wp-json\/wp\/v2\/media?parent=317"}],"curies":[{"name":"wp","href":"https:\/\/api.w.org\/{rel}","templated":true}]}}