{"id":13,"date":"2019-06-11T09:50:44","date_gmt":"2019-06-11T09:50:44","guid":{"rendered":"https:\/\/themes.getmotopress.com\/luviana\/?page_id=13"},"modified":"2024-01-30T10:03:15","modified_gmt":"2024-01-30T10:03:15","slug":"riomaggiore-cinque-terre-best-holiday-apartments-accomodation","status":"publish","type":"page","link":"https:\/\/test.estateriomaggiore.com\/pt\/cinque-terre-accommodation-riomaggiore-apartments-sea-view-parking\/riomaggiore-cinque-terre-best-holiday-apartments-accomodation\/","title":{"rendered":"Melhores apartamentos de f\u00e9rias em Riomaggiore Cinque Terre"},"content":{"rendered":"<p class=\".home has-medium-font-size\"><\/p>\n\n\n\n<h2 class=\"wp-block-heading is-style-default has-white-color has-text-color has-28-px-font-size\" id=\"h-\"><\/h2>\n\n\n\n<!--more-->\n<!--noteaser-->\n\n\n\n<div class=\"wp-block-columns is-layout-flex wp-container-core-columns-is-layout-1 wp-block-columns-is-layout-flex\"><\/div>\n\n\n\n<div class=\"wp-block-columns is-layout-flex wp-container-core-columns-is-layout-2 wp-block-columns-is-layout-flex\">\n<div class=\"wp-block-column is-layout-flow wp-block-column-is-layout-flow\" style=\"flex-basis:100%\"><\/div>\n<\/div>\n\n\n\n<div class=\"wp-block-getwid-section alignfull alignfull getwid-margin-top-none getwid-margin-bottom-none getwid-margin-tablet-top-none getwid-margin-mobile-top-medium getwid-section-content-custom-width\"><div class=\"wp-block-getwid-section__wrapper getwid-padding-left-medium getwid-padding-right-medium\" style=\"padding-bottom:0px\"><div class=\"wp-block-getwid-section__inner-wrapper\" style=\"max-width:1140px\"><div class=\"wp-block-getwid-section__background-holder\"><div class=\"wp-block-getwid-section__background\"><\/div><div class=\"wp-block-getwid-section__foreground\"><\/div><\/div><div class=\"wp-block-getwid-section__content\"><div class=\"wp-block-getwid-section__inner-content\">\n<div class=\"wp-block-columns has-2-columns are-vertically-aligned-center is-layout-flex wp-container-core-columns-is-layout-3 wp-block-columns-is-layout-flex\">\n<div class=\"wp-block-column is-vertically-aligned-center is-layout-flow wp-block-column-is-layout-flow\">\n<figure class=\"wp-block-image size-full is-resized wp-duotone-unset-1\"><img loading=\"lazy\" decoding=\"async\" width=\"1024\" height=\"768\" src=\"https:\/\/estateriomaggiore.com\/wp-content\/uploads\/2022\/11\/1.jpg\" alt=\"\" class=\"wp-image-15889\" style=\"width:649px;height:488px\" srcset=\"https:\/\/test.estateriomaggiore.com\/wp-content\/uploads\/2022\/11\/1.jpg 1024w, https:\/\/test.estateriomaggiore.com\/wp-content\/uploads\/2022\/11\/1-300x225.jpg 300w, https:\/\/test.estateriomaggiore.com\/wp-content\/uploads\/2022\/11\/1-768x576.jpg 768w, https:\/\/test.estateriomaggiore.com\/wp-content\/uploads\/2022\/11\/1-16x12.jpg 16w\" sizes=\"(max-width: 1024px) 100vw, 1024px\" \/><\/figure>\n<\/div>\n\n\n\n<div class=\"wp-block-column is-vertically-aligned-center is-layout-flow wp-block-column-is-layout-flow\">\n<div class=\"wp-block-getwid-section\" style=\"margin-top:-20px;margin-bottom:0px\"><div class=\"wp-block-getwid-section__wrapper getwid-padding-bottom-none getwid-padding-right-none getwid-padding-mobile-left-none getwid-margin-left-none getwid-margin-right-none getwid-align-items-flex-end\" style=\"padding-top:0px;padding-left:0px\"><div class=\"wp-block-getwid-section__inner-wrapper\"><div class=\"wp-block-getwid-section__background-holder\"><div class=\"wp-block-getwid-section__background\"><\/div><div class=\"wp-block-getwid-section__foreground\"><\/div><\/div><div class=\"wp-block-getwid-section__content\"><div class=\"wp-block-getwid-section__inner-content\">\n<div class=\"wp-block-getwid-advanced-heading\"><span class=\"wp-block-getwid-advanced-heading__content\" style=\"padding-top:0px;padding-bottom:0px\"><\/span><\/div>\n\n\n\n<h2 class=\"wp-block-heading translation-block\" id=\"h-are-you-looking-for-the-best-place-for-your-holiday-in-riomaggiore-with-private-parking-and-sea-view-top-rated-nbsp-vacation-nbsp-apartments-in-nbsp-riomaggiore\">Voc\u00ea est\u00e1 procurando o melhor lugar para suas f\u00e9rias em Riomaggiore com estacionamento privativo e vista para o mar?<br>F\u00e9rias com as melhores avalia\u00e7\u00f5es\u00a0<a href=\"https:\/\/estateriomaggiore.com\/en\/apartments\/\" target=\"_self \">apartamentos<\/a> em Riomaggiore<\/h2>\n\n\n\n<p><strong>Good to know<\/strong>: in <a href=\"https:\/\/www.cinqueterre.eu.com\/de\/\">Cinque Terre<\/a>, you find small guesthouses, accommodation and apartments rather than big hotels. This is why our luxury, fully furnished apartments are so popular and our reviews on <a href=\"https:\/\/www.google.com\/search?q=estate+riomaggiore&amp;client=firefox-b-d&amp;biw=1815&amp;bih=1208&amp;sxsrf=ALiCzsbReupqnD3ejKrxEMmk7MnggTR5xg%3A1668106195074&amp;ei=00dtY62QBIfosAfv2IDwDA&amp;ved=0ahUKEwjtxdHpo6T7AhUHNOwKHW8sAM44HhDh1QMIDg&amp;uact=5&amp;oq=estate+riomaggiore&amp;gs_lcp=Cgxnd3Mtd2l6LXNlcnAQAzIGCCMQJxATMggIABAHEB4QDzIOCC4QgAQQxwEQrwEQywEyBAgAEB4yBggAEAUQHjIGCAAQBRAeOgcIIxCwAxAnOgoIABBHENYEELADOgcIABCwAxBDOgwILhDIAxCwAxBDGAE6DwguENQCEMgDELADEEMYAToHCCMQsAIQJzoHCC4QgAQQDToHCAAQgAQQDToGCAAQBxAeOgoIABAIEAcQHhAPOg4ILhAHEB4QxwEQrwEQEzoKCAAQBxAeEA8QEzoICAAQBxAeEBNKBAhBGABKBAhGGAFQrR5Yvy1g_DJoAXABeACAAaMBiAGYBZIBAzUuMpgBAKABAcgBFMABAdoBBggBEAEYCA&amp;sclient=gws-wiz-serp\">Google<\/a> and <a href=\"https:\/\/www.booking.com\/hotel\/it\/estate-riomaggiore.de.html?aid=304142&amp;label=gen173nr-1FCAEoggI46AdIM1gEaCyIAQGYAQe4ARjIAQ_YAQHoAQH4AQuIAgGoAgS4AuWOtZsGwAIB0gIkYTRhODNkM2QtNzhiMC00NjhlLTkyZGMtMmIzZTVkYjBjZjhk2AIG4AIB&amp;sid=6f044725d62899eb026e2dedec881ab0&amp;all_sr_blocks=142133502_298938885_0_0_0;checkin=2022-11-28;checkout=2022-11-30;dest_id=-126402;dest_type=city;dist=0;group_adults=2;group_children=0;hapos=4;highlighted_blocks=142133502_298938885_0_0_0;hpos=4;matching_block_id=142133502_298938885_0_0_0;no_rooms=1;req_adults=2;req_children=0;room1=A%2CA;sb_price_type=total;sr_order=popularity;sr_pri_blocks=142133502_298938885_0_0_0__48110;srepoch=1668106128;srpvid=a5e58447b0d00058;type=total;ucfs=1&amp;#hotelTmpl\">Booking.com<\/a> show it. <\/p>\n\n\n\n<p class=\" translation-block\">Riomaggiore, situada na base de um vale suave que leva ao mar, Riomaggiore, a vila inicial encontrada ao chegar de La Spezia, exala um charme atemporal. Os seus bairros mais antigos mant\u00eam a sua beleza distinta, adornados com ruas \u00edngremes e passagens cobertas, todos presididos por um antigo castelo quando visto de cima. Ligado a Manarola pela pitoresca \u201c<a href=\"https:\/\/estateriomaggiore.com\/en\/what-to-do-in-riomaggiore-cinque-terre\/\" target=\"_self\">Via dell'Amore<\/a>\u201d, um caminho escavado nas encostas rochosas, Riomaggiore cativa pelo seu ambiente \u00fanico. O fasc\u00ednio reside na sua arquitetura espont\u00e2nea, casas bem unidas, vielas labir\u00ednticas, jardins em cascata e as \u00e1guas cristalinas do mar \u2013 tornando Riomaggiore um destino verdadeiramente encantador\u2026<\/p>\n\n\n\n<div class=\"wp-block-getwid-advanced-spacer\" style=\"height:10px\" aria-hidden=\"true\"><\/div>\n<\/div><\/div><\/div><\/div><\/div>\n<\/div>\n<\/div>\n<\/div><\/div><\/div><\/div><\/div>\n\n\n\n<div class=\"wp-block-getwid-section alignfull alignfull getwid-section-content-custom-width\"><div class=\"wp-block-getwid-section__wrapper getwid-padding-left-medium getwid-padding-right-medium\" style=\"padding-top:26px;padding-bottom:6px\"><div class=\"wp-block-getwid-section__inner-wrapper\" style=\"max-width:1380px\"><div class=\"wp-block-getwid-section__background-holder\"><div class=\"wp-block-getwid-section__background\"><\/div><div class=\"wp-block-getwid-section__foreground\"><\/div><\/div><div class=\"wp-block-getwid-section__content\"><div class=\"wp-block-getwid-section__inner-content\">\n<div class=\"wp-block-columns has-2-columns are-vertically-aligned-center is-layout-flex wp-container-core-columns-is-layout-4 wp-block-columns-is-layout-flex\">\n<div class=\"wp-block-column is-vertically-aligned-center is-layout-flow wp-block-column-is-layout-flow\">\n<div class=\"wp-block-getwid-advanced-heading\" style=\"margin-bottom:0px;margin-top:0px\"><span class=\"wp-block-getwid-advanced-heading__content\"><\/span><\/div>\n\n\n\n<h2 class=\"wp-block-heading\" id=\"h-agriculture-and-landscape\">Agricultura e Paisagem<\/h2>\n\n\n\n<p>Uma obra-prima natural de diversas maravilhas se desenrola ao longo da costa acidentada \u2013 uma tela pintada com ba\u00edas rochosas, praias arenosas e os mist\u00e9rios do oceano profundo. Este panorama encantador \u00e9 dominado por uma cadeia montanhosa paralela \u00e0 costa. Vinhas em socalcos, oliveiras centen\u00e1rias e caminhos sinuosos criam um espet\u00e1culo de tirar o f\u00f4lego.<\/p>\n\n\n\n<p>Monterosso al Mare, Vernazza, Corniglia, Manarola e Riomaggiore, situadas acima do mar, s\u00e3o cinco vilas de pescadores consagradas pelo tempo que preservam o fasc\u00ednio de suas paisagens intocadas. Esta extraordin\u00e1ria beleza \u00e9 o resultado de gera\u00e7\u00f5es que transformaram um territ\u00f3rio outrora inacess\u00edvel numa cativante tape\u00e7aria de terra e mar. Unidos como o Parque Nacional Cinque Terre, <a href=\"https:\/\/www.unesco.org\/en\">UNESCO<\/a> recognized their charm in 1997, designating them a World Heritage Site.<\/p>\n\n\n\n<p>Enquanto um trem conecta convenientemente Cinque Terre, a explora\u00e7\u00e3o mais verdadeira se desenrola ao longo dos caminhos que abra\u00e7am as fal\u00e9sias, oferecendo vistas panor\u00e2micas da \u00c1rea Marinha Protegida. Embarque na famosa \u201ctrilha azul\u201d que liga as cinco cidades ou passeie pela ic\u00f4nica \u201cVia dell\u2019Amore\u201d de Manarola a Riomaggiore \u2013 um caminho famoso gravado na pr\u00f3pria ess\u00eancia das famosas trilhas da It\u00e1lia.<\/p>\n\n\n\n<div class=\"wp-block-getwid-advanced-spacer\" style=\"height:10px\" aria-hidden=\"true\"><\/div>\n<\/div>\n\n\n\n<div class=\"wp-block-column is-vertically-aligned-center is-layout-flow wp-block-column-is-layout-flow\">\n<div class=\"wp-block-getwid-video-popup has-image has-foreground-0\"><a class=\"wp-block-getwid-video-popup__link\" href=\"https:\/\/www.youtube.com\/watch?v=C9ng3U-gIhA&amp;t=3s\"><div class=\"wp-block-getwid-video-popup__wrapper\" style=\"min-height:320px\"><img loading=\"lazy\" decoding=\"async\" width=\"1200\" height=\"781\" src=\"https:\/\/estateriomaggiore.com\/wp-content\/uploads\/2019\/06\/9-1.jpg\" alt=\"\" class=\"wp-block-getwid-video-popup__image wp-block-getwid-video-popup__source wp-image-9947\" srcset=\"https:\/\/test.estateriomaggiore.com\/wp-content\/uploads\/2019\/06\/9-1.jpg 1200w, https:\/\/test.estateriomaggiore.com\/wp-content\/uploads\/2019\/06\/9-1-300x195.jpg 300w, https:\/\/test.estateriomaggiore.com\/wp-content\/uploads\/2019\/06\/9-1-1024x666.jpg 1024w, https:\/\/test.estateriomaggiore.com\/wp-content\/uploads\/2019\/06\/9-1-768x500.jpg 768w, https:\/\/test.estateriomaggiore.com\/wp-content\/uploads\/2019\/06\/9-1-16x10.jpg 16w, https:\/\/test.estateriomaggiore.com\/wp-content\/uploads\/2019\/06\/9-1-1170x761.jpg 1170w, https:\/\/test.estateriomaggiore.com\/wp-content\/uploads\/2019\/06\/9-1-140x90.jpg 140w\" sizes=\"(max-width: 1200px) 100vw, 1200px\" \/><div class=\"wp-block-getwid-video-popup__button is-style-outline\" style=\"border-color:#ffffff\"><div class=\"wp-block-getwid-video-popup__icon has-text-color has-background\" style=\"background-color:#ffffff;color:#000000;border-color:#ffffff\"><i class=\"fas fa-play\" aria-hidden=\"true\"><\/i><\/div><\/div><\/div><\/a><div class=\"wp-block-getwid-video-popup__caption\"><\/div><\/div>\n<\/div>\n<\/div>\n<\/div><\/div><\/div><\/div><\/div>","protected":false},"excerpt":{"rendered":"","protected":false},"author":1,"featured_media":16364,"parent":11,"menu_order":0,"comment_status":"closed","ping_status":"closed","template":"","meta":{"inline_featured_image":false,"footnotes":""},"class_list":["post-13","page","type-page","status-publish","has-post-thumbnail","hentry"],"_links":{"self":[{"href":"https:\/\/test.estateriomaggiore.com\/pt\/wp-json\/wp\/v2\/pages\/13"}],"collection":[{"href":"https:\/\/test.estateriomaggiore.com\/pt\/wp-json\/wp\/v2\/pages"}],"about":[{"href":"https:\/\/test.estateriomaggiore.com\/pt\/wp-json\/wp\/v2\/types\/page"}],"author":[{"embeddable":true,"href":"https:\/\/test.estateriomaggiore.com\/pt\/wp-json\/wp\/v2\/users\/1"}],"replies":[{"embeddable":true,"href":"https:\/\/test.estateriomaggiore.com\/pt\/wp-json\/wp\/v2\/comments?post=13"}],"version-history":[{"count":166,"href":"https:\/\/test.estateriomaggiore.com\/pt\/wp-json\/wp\/v2\/pages\/13\/revisions"}],"predecessor-version":[{"id":16694,"href":"https:\/\/test.estateriomaggiore.com\/pt\/wp-json\/wp\/v2\/pages\/13\/revisions\/16694"}],"up":[{"embeddable":true,"href":"https:\/\/test.estateriomaggiore.com\/pt\/wp-json\/wp\/v2\/pages\/11"}],"wp:featuredmedia":[{"embeddable":true,"href":"https:\/\/test.estateriomaggiore.com\/pt\/wp-json\/wp\/v2\/media\/16364"}],"wp:attachment":[{"href":"https:\/\/test.estateriomaggiore.com\/pt\/wp-json\/wp\/v2\/media?parent=13"}],"curies":[{"name":"wp","href":"https:\/\/api.w.org\/{rel}","templated":true}]}}