{"id":17,"date":"2019-06-11T09:53:36","date_gmt":"2019-06-11T09:53:36","guid":{"rendered":"https:\/\/themes.getmotopress.com\/luviana\/?page_id=17"},"modified":"2024-01-30T09:58:32","modified_gmt":"2024-01-30T09:58:32","slug":"cinque-terre-riomaggiore-apartments-with-sea-view-and-parking","status":"publish","type":"page","link":"https:\/\/test.estateriomaggiore.com\/pt\/cinque-terre-accommodation-riomaggiore-apartments-sea-view-parking\/cinque-terre-riomaggiore-apartments-with-sea-view-and-parking\/","title":{"rendered":"Alojamento em Riomaggiore Cinque Terre com estacionamento privado e vista para o mar!"},"content":{"rendered":"<p><\/p>\n\n\n\n<!--more-->\n\n\n\n<h2 class=\"wp-block-heading is-style-default has-25-px-font-size translation-block\" id=\"h-the-village-dating-from-the-early-thirteenth-century-is-known-for-its-historic-character-and-its-nbsp-wine-produced-by-the-town-s-nbsp-vineyards\"><a href=\"https:\/\/www.visitcinqueterre.eu\/\" target=\"_self\">A aldeia<\/a>, datada do in\u00edcio do s\u00e9culo XIII, \u00e9 conhecida pelo seu car\u00e1cter hist\u00f3rico e pelo seu\u00a0vinho, produzido pelos <a href=\"https:\/\/www.winedering.com\/wineries-riomaggiore_g6537072\" target=\"_self\">vinhedos<\/a>.<\/h2>\n\n\n\n<p class=\"has-text-align-center has-small-font-size\"><\/p>\n\n\n\n<div class=\"wp-block-buttons is-layout-flex wp-block-buttons-is-layout-flex\"><\/div>\n\n\n\n<div class=\"wp-block-getwid-section alignfull alignfull has-inner-blocks-gap-none\"><div class=\"wp-block-getwid-section__wrapper getwid-padding-bottom-none getwid-padding-right-medium getwid-padding-mobile-left-small getwid-padding-mobile-right-small\" style=\"padding-top:85.9896px;padding-left:53.0208px\"><div class=\"wp-block-getwid-section__inner-wrapper\"><div class=\"wp-block-getwid-section__background-holder\"><div class=\"wp-block-getwid-section__background\"><\/div><div class=\"wp-block-getwid-section__foreground\"><\/div><\/div><div class=\"wp-block-getwid-section__content\"><div class=\"wp-block-getwid-section__inner-content\">\n<div class=\"wp-block-getwid-image-box has-image-left has-text-left has-mobile-layout-column has-mobile-alignment-default\"><div style=\"margin-right:90px\" class=\"wp-block-getwid-image-box__image-container is-position-top\"><div class=\"wp-block-getwid-image-box__image-wrapper\"><img loading=\"lazy\" decoding=\"async\" width=\"1280\" height=\"721\" src=\"https:\/\/estateriomaggiore.com\/wp-content\/uploads\/2021\/02\/anchovy.jpg\" alt=\"anchovy\" class=\"wp-block-getwid-image-box__image wp-image-8825\" srcset=\"https:\/\/test.estateriomaggiore.com\/wp-content\/uploads\/2021\/02\/anchovy.jpg 1280w, https:\/\/test.estateriomaggiore.com\/wp-content\/uploads\/2021\/02\/anchovy-300x169.jpg 300w, https:\/\/test.estateriomaggiore.com\/wp-content\/uploads\/2021\/02\/anchovy-1024x577.jpg 1024w, https:\/\/test.estateriomaggiore.com\/wp-content\/uploads\/2021\/02\/anchovy-768x433.jpg 768w, https:\/\/test.estateriomaggiore.com\/wp-content\/uploads\/2021\/02\/anchovy-1170x659.jpg 1170w\" sizes=\"(max-width: 1280px) 100vw, 1280px\" \/><\/div><\/div><div class=\"wp-block-getwid-image-box__content\">\n<div class=\"wp-block-getwid-advanced-heading is-style-style-1 has-custom-font-size\" style=\"font-size:18px;margin-bottom:30px\"><h2 class=\"wp-block-getwid-advanced-heading__content translation-block\" style=\"font-family:&quot;Open Sans&quot;;font-weight:300;line-height:26px\">Visitar <a href=\"https:\/\/estateriomaggiore.com\/en\/\" target=\"_self\">Cinque Terre<\/a> n\u00e3o \u00e9 apenas um banquete para os seus olhos, mas tamb\u00e9m para o seu paladar. Se voc\u00ea j\u00e1 esteve na Lig\u00faria ou leu sobre a culin\u00e1ria regional, certamente conhece o ic\u00f4nico molho pesto e o p\u00e3o s\u00edrio focaccia.<br><br>Embora voc\u00ea n\u00e3o deva perder a oportunidade de com\u00ea-los quando estiver em Monterosso, Vernazza, Corniglia, Manarola e <a href=\"https:\/\/estateriomaggiore.com\/en\/\" target=\"_self\">Riomaggiore<\/a>, pesto e focaccia s\u00e3o especialidades t\u00edpicas de G\u00eanova. O que voc\u00ea pode comer em Cinque Terre que seja genuinamente local? Aqui est\u00e1 uma lista de comidas e bebidas t\u00edpicas para voc\u00ea experimentar durante sua pr\u00f3xima pausa gastron\u00f4mica na Riviera Italiana.<\/h2><\/div>\n\n\n\n<h2 class=\"wp-block-heading\" id=\"h-\"><\/h2>\n\n\n\n<div style=\"height:46px\" aria-hidden=\"true\" class=\"wp-block-spacer\"><\/div>\n\n\n\n<div style=\"height:20px\" aria-hidden=\"true\" class=\"wp-block-spacer\"><\/div>\n\n\n\n\n\n<p><\/p>\n<\/div><\/div>\n\n\n\n<div class=\"wp-block-getwid-image-box has-image-right has-text-left has-mobile-layout-column has-mobile-alignment-default\"><div style=\"margin-left:90px\" class=\"wp-block-getwid-image-box__image-container is-position-top\"><div class=\"wp-block-getwid-image-box__image-wrapper\"><img loading=\"lazy\" decoding=\"async\" width=\"1280\" height=\"853\" src=\"https:\/\/estateriomaggiore.com\/wp-content\/uploads\/2021\/02\/lemon.jpg\" alt=\"\" class=\"wp-block-getwid-image-box__image wp-image-8826\" srcset=\"https:\/\/test.estateriomaggiore.com\/wp-content\/uploads\/2021\/02\/lemon.jpg 1280w, https:\/\/test.estateriomaggiore.com\/wp-content\/uploads\/2021\/02\/lemon-300x200.jpg 300w, https:\/\/test.estateriomaggiore.com\/wp-content\/uploads\/2021\/02\/lemon-1024x682.jpg 1024w, https:\/\/test.estateriomaggiore.com\/wp-content\/uploads\/2021\/02\/lemon-768x512.jpg 768w, https:\/\/test.estateriomaggiore.com\/wp-content\/uploads\/2021\/02\/lemon-1170x780.jpg 1170w\" sizes=\"(max-width: 1280px) 100vw, 1280px\" \/><\/div><\/div><div class=\"wp-block-getwid-image-box__content\">\n<div class=\"wp-block-getwid-advanced-heading is-style-style-1 has-custom-font-size\" style=\"font-size:18px;margin-bottom:30px\"><h2 class=\"wp-block-getwid-advanced-heading__content translation-block\" style=\"font-family:&quot;Open Sans&quot;;font-weight:300;line-height:26px\">As Cinque Terre, e particularmente a \u00e1rea ao redor de Monterosso, abrigam numerosos hectares de limoeiros perfumados. N\u00e3o deixe de experimentar um licor <em>limoncino<\/em> local, feito com cascas de lim\u00f5es Cinque Terre. Esta fruta c\u00edtrica tamb\u00e9m \u00e9 utilizada no preparo de deliciosas gel\u00e9ias e sorvetes caseiros.<\/h2><\/div>\n\n\n\n<div style=\"height:20px\" aria-hidden=\"true\" class=\"wp-block-spacer\"><\/div>\n\n\n<\/div><\/div>\n\n\n\n<div style=\"height:41px\" aria-hidden=\"true\" class=\"wp-block-spacer\"><\/div>\n\n\n\n<div style=\"height:27px\" aria-hidden=\"true\" class=\"wp-block-spacer\"><\/div>\n\n\n\n<div class=\"wp-block-getwid-image-box has-image-left has-text-left has-mobile-layout-column has-mobile-alignment-default\"><div style=\"margin-right:90px\" class=\"wp-block-getwid-image-box__image-container is-position-top\"><div class=\"wp-block-getwid-image-box__image-wrapper\"><img loading=\"lazy\" decoding=\"async\" width=\"1280\" height=\"853\" src=\"https:\/\/estateriomaggiore.com\/wp-content\/uploads\/2021\/02\/wein.jpg\" alt=\"wein-cinqueterre\" class=\"wp-block-getwid-image-box__image wp-image-8828\" srcset=\"https:\/\/test.estateriomaggiore.com\/wp-content\/uploads\/2021\/02\/wein.jpg 1280w, https:\/\/test.estateriomaggiore.com\/wp-content\/uploads\/2021\/02\/wein-300x200.jpg 300w, https:\/\/test.estateriomaggiore.com\/wp-content\/uploads\/2021\/02\/wein-1024x682.jpg 1024w, https:\/\/test.estateriomaggiore.com\/wp-content\/uploads\/2021\/02\/wein-768x512.jpg 768w, https:\/\/test.estateriomaggiore.com\/wp-content\/uploads\/2021\/02\/wein-1170x780.jpg 1170w\" sizes=\"(max-width: 1280px) 100vw, 1280px\" \/><\/div><\/div><div class=\"wp-block-getwid-image-box__content\">\n<div class=\"wp-block-getwid-advanced-heading is-style-style-1 has-custom-font-size\" style=\"font-size:18px;margin-bottom:30px\"><h2 class=\"wp-block-getwid-advanced-heading__content translation-block\" style=\"font-family:&quot;Open Sans&quot;;font-weight:300\">O vinho mais original e prestigiado chama-se Sciachetr\u00e0: feito com uvas secas cultivadas nas vinhas de Cinque Terre, \u00e9 um vinho doce, algo como um licor. Acompanha muito bem sobremesas!<br>Tem a marca D.O.C. (<em>Denominazione di origine controllata<\/em>) selo de qualidade, assim como o outro famoso vinho local, conhecido simplesmente como Cinque Terre. Al\u00e9m de desfrutar de vinho durante o almo\u00e7o ou jantar,<\/h2><\/div>\n\n\n\n<div class=\"wp-block-getwid-advanced-heading is-style-default has-custom-font-size\" style=\"font-size:20px\"><span class=\"wp-block-getwid-advanced-heading__content\" style=\"font-family:&quot;Open Sans Condensed&quot;;font-weight:normal;line-height:27px\">pode aprender sobre a antiga tradi\u00e7\u00e3o da viticultura her\u00f3ica com uma visita \u00e0s vinhas e uma prova de vinhos guiada.<\/span><\/div>\n\n\n\n<div style=\"height:20px\" aria-hidden=\"true\" class=\"wp-block-spacer\"><\/div>\n\n\n<\/div><\/div>\n<\/div><\/div><\/div><\/div><\/div>\n\n\n\n<h2 class=\"wp-block-heading\" id=\"h-\"><\/h2>\n\n\n\n<div class=\"wp-block-buttons is-layout-flex wp-block-buttons-is-layout-flex\"><\/div>\n\n\n\n<h2 class=\"wp-block-heading\" id=\"h-\"><\/h2>","protected":false},"excerpt":{"rendered":"","protected":false},"author":1,"featured_media":8646,"parent":11,"menu_order":0,"comment_status":"closed","ping_status":"closed","template":"","meta":{"inline_featured_image":false,"footnotes":""},"class_list":["post-17","page","type-page","status-publish","has-post-thumbnail","hentry"],"_links":{"self":[{"href":"https:\/\/test.estateriomaggiore.com\/pt\/wp-json\/wp\/v2\/pages\/17"}],"collection":[{"href":"https:\/\/test.estateriomaggiore.com\/pt\/wp-json\/wp\/v2\/pages"}],"about":[{"href":"https:\/\/test.estateriomaggiore.com\/pt\/wp-json\/wp\/v2\/types\/page"}],"author":[{"embeddable":true,"href":"https:\/\/test.estateriomaggiore.com\/pt\/wp-json\/wp\/v2\/users\/1"}],"replies":[{"embeddable":true,"href":"https:\/\/test.estateriomaggiore.com\/pt\/wp-json\/wp\/v2\/comments?post=17"}],"version-history":[{"count":109,"href":"https:\/\/test.estateriomaggiore.com\/pt\/wp-json\/wp\/v2\/pages\/17\/revisions"}],"predecessor-version":[{"id":16670,"href":"https:\/\/test.estateriomaggiore.com\/pt\/wp-json\/wp\/v2\/pages\/17\/revisions\/16670"}],"up":[{"embeddable":true,"href":"https:\/\/test.estateriomaggiore.com\/pt\/wp-json\/wp\/v2\/pages\/11"}],"wp:featuredmedia":[{"embeddable":true,"href":"https:\/\/test.estateriomaggiore.com\/pt\/wp-json\/wp\/v2\/media\/8646"}],"wp:attachment":[{"href":"https:\/\/test.estateriomaggiore.com\/pt\/wp-json\/wp\/v2\/media?parent=17"}],"curies":[{"name":"wp","href":"https:\/\/api.w.org\/{rel}","templated":true}]}}